{"id":4180,"date":"2012-06-06T17:18:14","date_gmt":"2012-06-06T15:18:14","guid":{"rendered":"http:\/\/www.dalmatiner-sachsen-anhalt.de\/blog\/?page_id=4180"},"modified":"2013-09-03T22:40:54","modified_gmt":"2013-09-03T20:40:54","slug":"gesundheit-luanua","status":"publish","type":"page","link":"https:\/\/www.dalmatiner-sachsen-anhalt.de\/blog\/der-dalmatiner\/gesundheit-luanua\/","title":{"rendered":"Gesundheit"},"content":{"rendered":"<p>&nbsp;<\/p>\n<p><img data-attachment-id=\"1056\" data-permalink=\"https:\/\/www.dalmatiner-sachsen-anhalt.de\/blog\/1055\/welpen-tag52_2106\/\" data-orig-file=\"https:\/\/i0.wp.com\/www.dalmatiner-sachsen-anhalt.de\/blog\/wp-content\/uploads\/2009\/07\/welpen-tag52_2106.JPG?fit=1150%2C768&amp;ssl=1\" data-orig-size=\"1150,768\" data-comments-opened=\"1\" data-image-meta=\"{&quot;aperture&quot;:&quot;0&quot;,&quot;credit&quot;:&quot;&quot;,&quot;camera&quot;:&quot;&quot;,&quot;caption&quot;:&quot;&quot;,&quot;created_timestamp&quot;:&quot;0&quot;,&quot;copyright&quot;:&quot;&quot;,&quot;focal_length&quot;:&quot;0&quot;,&quot;iso&quot;:&quot;0&quot;,&quot;shutter_speed&quot;:&quot;0&quot;,&quot;title&quot;:&quot;&quot;}\" data-image-title=\"welpen-tag52_2106\" data-image-description=\"\" data-image-caption=\"\" data-medium-file=\"https:\/\/i0.wp.com\/www.dalmatiner-sachsen-anhalt.de\/blog\/wp-content\/uploads\/2009\/07\/welpen-tag52_2106.JPG?fit=300%2C200&amp;ssl=1\" data-large-file=\"https:\/\/i0.wp.com\/www.dalmatiner-sachsen-anhalt.de\/blog\/wp-content\/uploads\/2009\/07\/welpen-tag52_2106.JPG?fit=584%2C390&amp;ssl=1\" decoding=\"async\" loading=\"lazy\" class=\"alignleft  wp-image-1056\" style=\"color: #333333; font-style: normal; line-height: 24px;\" title=\"welpen-tag52_2106\" alt=\"\" src=\"https:\/\/i0.wp.com\/www.dalmatiner-sachsen-anhalt.de\/blog\/wp-content\/uploads\/2009\/07\/welpen-tag52_2106-300x200.jpg?resize=111%2C80&#038;ssl=1\" width=\"111\" height=\"80\" data-recalc-dims=\"1\" \/><\/p>\n<p>Wer sich f&#252;r den Dalmatiner interressiert, muss wissen, da&#223; diese\u00a0Rasse einige <strong>Besonderheiten<\/strong> aufweist. Auf die Wichtigste soll hier kurz eingegangen werden.<\/p>\n<p>&nbsp;<\/p>\n<p style=\"text-align: left;\"><strong><span style=\"text-decoration: underline;\">Harns&#228;ure:<\/span><\/strong><\/p>\n<p>Die Entstehung eines so untypisch gezeichneten Hundes hat eine <strong>Genmutation<\/strong> hervorgerufen, so da&#223; der Dalmatiner als einzige Rasse <strong>sehr viel Harns&#228;ure<\/strong> bildet und somit in der Lage ist, <strong>Kristalle im Urin<\/strong> zu bilden bis hin zu Nierensteinen\/Blasensteinen unterschiedlicher Zusammensetzung. Um dem entgegenzuwirken ist es wichtig, den Dalmatiner <strong>purinarm<\/strong> zu ern&#228;hren (ein besonders hoher Anteil Purin befindet sich\u00a0 im Muskelfleisch, z.B. Rindfleisch). Das bedeutet nicht zwangsl&#228;ufig, da&#223; Sie teueres Spezialfutter kaufen m&#252;ssen oder kein Fleisch (BARF) f&#252;ttern d&#252;rfen, sondern nur, da&#223; sie beim Futter den Puringehalt im Auge behalten und auch sonst f&#252;r eine ausgewogene Ern&#228;hrung Sorge tragen sollten.<\/p>\n<p><marquee scrollamount=\"2\" scrolldelay=\"1\"><\/p>\n<h2 class=\"parHeading2\"><span class=\"ds1\"> +++ Bereits vor der Anschaffung eines Dalmatiners, f&#252;r den Sie ja die Verantwortung &#252;bernehmen, sollten Sie sich zu diesen Sachverhalten ausreichend informieren oder beraten lassen. +++ <\/span><\/h2>\n<p><\/marquee><\/p>\n<p><a href=\"https:\/\/i0.wp.com\/www.dalmatiner-sachsen-anhalt.de\/blog\/wp-content\/uploads\/2009\/07\/welpen-tag38_0968.JPG?ssl=1\"><img data-attachment-id=\"906\" data-permalink=\"https:\/\/www.dalmatiner-sachsen-anhalt.de\/blog\/905\/welpen-tag38_0968\/\" data-orig-file=\"https:\/\/i0.wp.com\/www.dalmatiner-sachsen-anhalt.de\/blog\/wp-content\/uploads\/2009\/07\/welpen-tag38_0968.JPG?fit=1150%2C768&amp;ssl=1\" data-orig-size=\"1150,768\" data-comments-opened=\"1\" data-image-meta=\"{&quot;aperture&quot;:&quot;0&quot;,&quot;credit&quot;:&quot;&quot;,&quot;camera&quot;:&quot;&quot;,&quot;caption&quot;:&quot;&quot;,&quot;created_timestamp&quot;:&quot;0&quot;,&quot;copyright&quot;:&quot;&quot;,&quot;focal_length&quot;:&quot;0&quot;,&quot;iso&quot;:&quot;0&quot;,&quot;shutter_speed&quot;:&quot;0&quot;,&quot;title&quot;:&quot;&quot;}\" data-image-title=\"welpen-tag38_0968\" data-image-description=\"\" data-image-caption=\"\" data-medium-file=\"https:\/\/i0.wp.com\/www.dalmatiner-sachsen-anhalt.de\/blog\/wp-content\/uploads\/2009\/07\/welpen-tag38_0968.JPG?fit=300%2C200&amp;ssl=1\" data-large-file=\"https:\/\/i0.wp.com\/www.dalmatiner-sachsen-anhalt.de\/blog\/wp-content\/uploads\/2009\/07\/welpen-tag38_0968.JPG?fit=584%2C390&amp;ssl=1\" decoding=\"async\" loading=\"lazy\" class=\"alignright  wp-image-906\" title=\"welpen-tag38_0968\" alt=\"\" src=\"https:\/\/i0.wp.com\/www.dalmatiner-sachsen-anhalt.de\/blog\/wp-content\/uploads\/2009\/07\/welpen-tag38_0968-1024x683.jpg?resize=281%2C192&#038;ssl=1\" width=\"281\" height=\"192\" data-recalc-dims=\"1\" \/><\/a>Als h&#228;ufiger Ausl&#246;ser von Allergien, sollte auch auf die <strong>F&#252;tterung<\/strong> von f&#252;r den Menschen gez&#252;chtetem Getreide, wie z.B. Weizen verzichtet werden. Vertr&#228;glich f&#252;r den Dalmatiner ist jedoch Reis.<\/p>\n<p>Als Z&#252;chter stehen wir Ihnen jederzeit f&#252;r Fragen zur Verf&#252;gung und beraten unsere Welpenk&#228;ufer umfassend.\u00a0 Eine j&#228;hrliche Urinkontrolle beim Tierarzt, sollte Ihnen Ihr Liebling wert sein, so k&#246;nnen Sie dauerhaft etwas f&#252;r seine Gesundheit tun.<\/p>\n<p style=\"text-align: left;\"><span style=\"text-decoration: underline;\"><strong>Backcross Projekt:<\/strong><\/span><br \/>\n1979 begann der <strong>Amerikaner Robert H. Schaible<\/strong>, durch eine <strong>R&#252;ckkreuzung des Dalmatiners mit einem Pointer<\/strong>, tats&#228;chlich das Harns&#228;ureproblem zu beseitigen. Durch jahrelanges\u00a0 Wiederverpaaren mit reinrassigen Dalmatinern ist es gelungen einen zu 99,98% reinrassigen <strong>Dalmatiner<\/strong> <strong>ohne Harns&#228;ureproblematik<\/strong> zu z&#252;chten. Inzwischen gibt es diese Dalmatiner mit normalem \/ niedrigem Harns&#228;urespiegel (NUA \/LUA) auch schon in <strong>Europa\u00a0<\/strong> (Frankreich, England und seit 2012 auch in Deutschland), aber leider nur wenige. Jedoch\u00a0 versuchen einige engagierte Z&#252;chter die Gesundheit des Dalmatiners weiterhin zu verbessern und setzen LUA Deckr&#252;den aus dem Ausland ein.<\/p>\n<p style=\"text-align: left;\">Mit unserem <strong>C-Wurf aus der Verpaarung<\/strong> <strong>Athene von den Sandst&#252;cken<\/strong> und <strong>Stocklore Wizzard of the Forrest<\/strong> (LUA aus der Zucht von Robert H. Schaible, Besitzer Elizabeth Sampson, UK) befinden wir uns bereits in der <strong>15. Generation des Backcross Projekts<\/strong> im Jahr 2013.<\/p>\n<blockquote>\n<p style=\"text-align: left;\"><span style=\"color: #ffff00;\">Der C- Wurf ist damit der 4. Wurf aus einer LUA- Dalmatiner- Verpaarung in Deutschland.<\/span><\/p>\n<\/blockquote>\n<p style=\"text-align: left;\">Weiterf&#252;hrende Informationen zu diesem Projekt erhalten Sie hier (Fremdlink)<\/p>\n<p><a title=\"LUA\/NUA Dalmatiner in Deutschland, Backcross Project - Normaler Harns&#228;urespiegel beim Dalmatiner, FAQ, Z&#252;chter, Vererbung... \" href=\"http:\/\/www.lua-dalmatiner.de\/\" target=\"_blank\"><img decoding=\"async\" loading=\"lazy\" class=\"alignnone\" style=\"border: 0pt none;\" alt=\"\" src=\"https:\/\/i0.wp.com\/www.dalmatiner-sachsen-anhalt.de\/blog\/wp-content\/uploads\/2012\/06\/nua-header2.jpg?resize=584%2C130&#038;ssl=1\" width=\"584\" height=\"130\" border=\"0\" data-recalc-dims=\"1\" \/><\/a><\/p>\n<p style=\"text-align: justify;\">Diese Informationen sollten Sie aber letztendlich nicht davon abhalten, sich f&#252;r diesen besonderen Hund zu entscheiden, der Ihnen ein treuer Gef&#228;hrte, Freund und Familienhund sein wird, der ganz besonders gut mit Kindern umgehen kann und Sie mit Freude und Gelassenheit begleiteten wird. Ebenso wird er Ihnen durch t&#228;gliches Spazierengehen oder sp&#228;ter Radfahren zu besserer Gesundheit verhelfen. Mit seinem tollen verschmusten Wesen sorgt er au&#223;erdem f&#252;r seelische Ausgeglichenheit und wir versprechen: er wird immer ein offenes Ohr f&#252;r Sie haben.<\/p>\n<p>Im WWW gibt es viele Links zur Gesundheit und Pflege eines Dalmatiners. <em>Wir empfehlen ihnen diese Seiten: <\/em><\/p>\n<ul>\n<li><em><span style=\"text-decoration: underline;\">Z&#252;chterin M. Glasner<\/span> von Somora&#8217;s Dalmatiner (Fremdlink)<\/em><\/li>\n<\/ul>\n<p style=\"text-align: left; padding-left: 60px;\"><a href=\"http:\/\/www.somoras.de\/somoras0211_wissenswertes.html\" target=\"_blank\">http:\/\/www.somoras.de\/somoras0211_wissenswertes.html<\/a><\/p>\n<ul>\n<li><span style=\"text-decoration: underline;\">Dr. Vera. Engelbertz<\/span><em> (Fremdlink)<\/em><\/li>\n<\/ul>\n<p style=\"text-align: left; padding-left: 60px;\"><a href=\"http:\/\/www.kimi-news.de\/index.php?page=259\" target=\"_blank\">Harns&#228;ureproblematik beim Dalmatiner<\/a><\/p>\n<p style=\"text-align: left;\">Dort gibt es weiterf&#252;hrende Informationen zur Gesundheit des Dalmatiners, zur F&#252;tterung, dem Welpenkauf und mehr.<\/p>\n<p>\u00a0<em>Andrea und Axel<\/em><\/p>\n<p>&nbsp;<\/p>\n","protected":false},"excerpt":{"rendered":"<p>&nbsp; Wer sich f&#252;r den Dalmatiner interressiert, muss wissen, da&#223; diese\u00a0Rasse einige Besonderheiten aufweist. Auf die Wichtigste soll hier kurz eingegangen werden. &nbsp; Harns&#228;ure: Die Entstehung eines so untypisch gezeichneten Hundes hat eine Genmutation hervorgerufen, so da&#223; der Dalmatiner als &hellip; <a href=\"https:\/\/www.dalmatiner-sachsen-anhalt.de\/blog\/der-dalmatiner\/gesundheit-luanua\/\">Continue reading <span class=\"meta-nav\">&rarr;<\/span><\/a><\/p>\n","protected":false},"author":1,"featured_media":4156,"parent":5820,"menu_order":1,"comment_status":"open","ping_status":"open","template":"","meta":{"jetpack_post_was_ever_published":false},"jetpack_shortlink":"https:\/\/wp.me\/Px1eF-15q","jetpack_sharing_enabled":true,"jetpack_likes_enabled":true,"jetpack-related-posts":[{"id":5820,"url":"https:\/\/www.dalmatiner-sachsen-anhalt.de\/blog\/der-dalmatiner\/","url_meta":{"origin":4180,"position":0},"title":"Der Dalmatiner","date":"3. September 2013","format":false,"excerpt":"Kurzportr\u00e4t der Rasse Dalmatiner Ausf\u00fchrliche Informationen zum Rassehund Dalmatiner gibt es bei Meister Petz TV und in der WIKIPEDIA. Viel Spa\u00df beim Schn\u00fcffeln. Oder sehen Sie hier eine Reportage \u00fcber die Welpen in einer Dalmatinerzuchtst\u00e4tte...sehr interessant und sehenswert. [Quelle: VOX.de hundekatzmaus vom 18.03.2017] \u00a0","rel":"","context":"Similar post","img":{"alt_text":"Diana Eichhorn ist unter die Dalmatiner gegangen","src":"https:\/\/i0.wp.com\/www.dalmatiner-sachsen-anhalt.de\/blog\/wp-content\/uploads\/2013\/09\/VOX.jpg?resize=350%2C200","width":350,"height":200},"classes":[]},{"id":8,"url":"https:\/\/www.dalmatiner-sachsen-anhalt.de\/blog\/uber-uns\/","url_meta":{"origin":4180,"position":1},"title":"&#220;ber uns","date":"27. Februar 2009","format":false,"excerpt":"Herzlich Willkommen! Sind Sie auf\u00a0 Dalmatiner-Suche ? Kennen Sie den Film \u201e 101 Dalmatiner \u201c? Wir besitzen seit 1995 diese sch\u00f6nen und au\u00dfergew\u00f6hnlichen Hunde . Schon immer war der Dalmatiner mit seinem freundlichen Wesen und seiner eleganten Erscheinung unser Lieblingshund . Nachdem unsere Kinder nun schon \u00e4lter sind, haben wir\u2026","rel":"","context":"In &quot;Allgemein&quot;","img":{"alt_text":"","src":"https:\/\/i0.wp.com\/www.dalmatiner-sachsen-anhalt.de\/blog\/wp-content\/uploads\/2009\/02\/IMG_0352-1024x683.jpg?resize=350%2C200","width":350,"height":200},"classes":[]},{"id":5947,"url":"https:\/\/www.dalmatiner-sachsen-anhalt.de\/blog\/der-dalmatiner\/ernahrung\/","url_meta":{"origin":4180,"position":2},"title":"Ern&#228;hrung","date":"9. Januar 2014","format":false,"excerpt":"\u00a0 Unsere Dalmatiner werden gebarft. Demn\u00e4chst mehr dazu an dieser Stelle. Lesen Sie auch unseren Bericht als BARF- Anf\u00e4nger im Jahr 2009 - auf der Seite von Sammys Futtersch\u00fcssel (Fremdlink). Andrea und Axel Erstes Fleisch mit 19 Tagen und Pansenst\u00fccke mit 32 Tagen","rel":"","context":"Similar post","img":{"alt_text":"","src":"","width":0,"height":0},"classes":[]},{"id":962,"url":"https:\/\/www.dalmatiner-sachsen-anhalt.de\/blog\/der-dalmatiner\/welpenkaeuferinfo\/","url_meta":{"origin":4180,"position":3},"title":"Welpenk&#228;uferInfo","date":"22. Juli 2009","format":false,"excerpt":"\u00a0 Liebe Dalmatiner-Interessenten und Welpenk\u00e4ufer, die Anschaffung eines Tieres sollte nicht \u00fcbereilt erfolgen. Wir halten es f\u00fcr wichtig, sich vorher gr\u00fcndlich zu informieren, alles gut zu durchdenken, und danach zu entscheiden. Schlie\u00dflich werden unsere sch\u00f6nen und geliebten Dalmatiner 12 bis 14 Jahre alt. Und diese Zeit wollen unsere Hunde freudig,\u2026","rel":"","context":"In &quot;A-Wurf&quot;","img":{"alt_text":"","src":"https:\/\/i0.wp.com\/www.dalmatiner-sachsen-anhalt.de\/blog\/wp-content\/uploads\/2014\/01\/wuehltischwelpen-2-300x300.png?resize=350%2C200","width":350,"height":200},"classes":[]},{"id":5854,"url":"https:\/\/www.dalmatiner-sachsen-anhalt.de\/blog\/impressum\/welpentreffen-vds\/","url_meta":{"origin":4180,"position":4},"title":"Welpentreffen vdS","date":"12. Oktober 2013","format":false,"excerpt":"Dierhagen 2013","rel":"","context":"Similar post","img":{"alt_text":"","src":"https:\/\/i0.wp.com\/www.dalmatiner-sachsen-anhalt.de\/blog\/wp-content\/uploads\/2013\/10\/Colage-Welpentreffen-2013-11.10.2013-10-43-54.jpg?fit=1200%2C675&ssl=1&resize=350%2C200","width":350,"height":200},"classes":[]},{"id":895,"url":"https:\/\/www.dalmatiner-sachsen-anhalt.de\/blog\/uber-uns\/werbung-2\/","url_meta":{"origin":4180,"position":5},"title":"Werbung","date":"16. Juli 2009","format":false,"excerpt":"","rel":"","context":"In &quot;A-Wurf&quot;","img":{"alt_text":"","src":"https:\/\/i0.wp.com\/www.dalmatiner-sachsen-anhalt.de\/blog\/wp-content\/uploads\/2012\/06\/nua-header2.jpg?resize=350%2C200","width":350,"height":200},"classes":[]}],"_links":{"self":[{"href":"https:\/\/www.dalmatiner-sachsen-anhalt.de\/blog\/wp-json\/wp\/v2\/pages\/4180"}],"collection":[{"href":"https:\/\/www.dalmatiner-sachsen-anhalt.de\/blog\/wp-json\/wp\/v2\/pages"}],"about":[{"href":"https:\/\/www.dalmatiner-sachsen-anhalt.de\/blog\/wp-json\/wp\/v2\/types\/page"}],"author":[{"embeddable":true,"href":"https:\/\/www.dalmatiner-sachsen-anhalt.de\/blog\/wp-json\/wp\/v2\/users\/1"}],"replies":[{"embeddable":true,"href":"https:\/\/www.dalmatiner-sachsen-anhalt.de\/blog\/wp-json\/wp\/v2\/comments?post=4180"}],"version-history":[{"count":40,"href":"https:\/\/www.dalmatiner-sachsen-anhalt.de\/blog\/wp-json\/wp\/v2\/pages\/4180\/revisions"}],"predecessor-version":[{"id":4184,"href":"https:\/\/www.dalmatiner-sachsen-anhalt.de\/blog\/wp-json\/wp\/v2\/pages\/4180\/revisions\/4184"}],"up":[{"embeddable":true,"href":"https:\/\/www.dalmatiner-sachsen-anhalt.de\/blog\/wp-json\/wp\/v2\/pages\/5820"}],"wp:featuredmedia":[{"embeddable":true,"href":"https:\/\/www.dalmatiner-sachsen-anhalt.de\/blog\/wp-json\/wp\/v2\/media\/4156"}],"wp:attachment":[{"href":"https:\/\/www.dalmatiner-sachsen-anhalt.de\/blog\/wp-json\/wp\/v2\/media?parent=4180"}],"curies":[{"name":"wp","href":"https:\/\/api.w.org\/{rel}","templated":true}]}}