{"id":5971,"date":"2014-01-14T21:00:08","date_gmt":"2014-01-14T19:00:08","guid":{"rendered":"http:\/\/www.dalmatiner-sachsen-anhalt.de\/blog\/?page_id=5971"},"modified":"2014-01-14T21:34:35","modified_gmt":"2014-01-14T19:34:35","slug":"trachtigkeitskalender","status":"publish","type":"page","link":"https:\/\/www.dalmatiner-sachsen-anhalt.de\/blog\/trachtigkeitskalender\/","title":{"rendered":"Tr&#228;chtigkeitskalender"},"content":{"rendered":"<h2 align=\"center\"><\/h2>\n<h2 align=\"center\"><\/h2>\n<h1 align=\"center\">Tr&#228;chtigkeitskalender<\/h1>\n<p align=\"right\"><a>\u00a0<\/a><\/p>\n<table width=\"600\" cellspacing=\"0\" cellpadding=\"4\" align=\"center\">\n<tbody>\n<tr>\n<td valign=\"top\" width=\"80\" height=\"40\"><strong>1. Woche<\/strong><\/td>\n<td valign=\"top\" width=\"520\" height=\"40\">F&#252;r den Fall, dass Ihre H&#252;ndin Medikamente nehmen muss, gehen Sie bitte zum Tierarzt und besprechen Sie die Medikamentenvergabe bevor Sie dem Tier ein Medikament verabreichen. Die H&#252;ndin sollte normal gef&#252;ttert und normal bewegt werden. Bitte keine Insektizide benutzen oder Impfungen mit lebend Stoffen verabreichen.<\/td>\n<\/tr>\n<tr>\n<td valign=\"top\" height=\"40\"><\/td>\n<td valign=\"top\" height=\"40\">Erster Deckungstag. Sperma wandert ausserhalb der Geb&#228;rmutterschleimhaut. Um die Chancen einer Befruchtung zu erh&#246;hen, sollte der Deckakt innerhalb von 48 Stunden nach dem ersten Deckakt wiederholt werden.<\/td>\n<\/tr>\n<tr>\n<td valign=\"top\" height=\"40\">1. Tag<\/td>\n<td valign=\"top\" height=\"40\">Sperma wandert zu den Eileitern. Die Spermien bleiben in den weiblichen Geschlechtsorganen eine Zeitlang befruchtungsf&#228;hig. Bei den S&#228;ugetieren ist diese Zeit im allgemeinen recht kurz (ca. 24 Std).<\/td>\n<\/tr>\n<tr>\n<td valign=\"top\" height=\"40\">2.-3. Tag<\/td>\n<td valign=\"top\" height=\"40\">Sperma erreicht die Eileiter, in denen sich reife Eizellen befinden.<\/td>\n<\/tr>\n<tr>\n<td valign=\"top\" height=\"40\">3.-4. Tag<\/td>\n<td valign=\"top\" height=\"40\">Befruchtung der Eizellen (in den Eileitern).<\/td>\n<\/tr>\n<tr>\n<td valign=\"top\" height=\"40\">4.-6. Tag<\/td>\n<td valign=\"top\" height=\"40\">Die befruchteten Eizellen wandern in den Geb&#228;rmutterhals.<\/td>\n<\/tr>\n<tr>\n<td valign=\"top\" height=\"40\"><strong>2. Woche<\/strong><\/td>\n<td valign=\"top\" height=\"40\">Pflege und Haltung der H&#252;ndin wie in Woche 1.<\/td>\n<\/tr>\n<tr>\n<td valign=\"top\" height=\"40\">8.-12. Tag<\/td>\n<td valign=\"top\" height=\"40\">Die Eizellen entwickeln sich zu Blastocyten.<\/td>\n<\/tr>\n<tr>\n<td valign=\"top\" height=\"40\">12.-14. Tag<\/td>\n<td valign=\"top\" height=\"40\">Die Embryos erreichen die Geb&#228;rmutter.<\/td>\n<\/tr>\n<tr>\n<td valign=\"top\" height=\"40\"><strong>3. Woche<\/strong><\/td>\n<td valign=\"top\" height=\"40\">Die H&#252;ndin leidet m&#246;glicherweise unter morgendlicher &#220;belkeit aufgrund der hormonellen Umstellung oder Spannungen in der Geb&#228;rmutter. F&#252;ttern Sie kleine Mahlzeiten mehrmals am Tag, um gegen die morgendliche &#220;belkeit zu helfen. Falls die morgendliche &#220;belkeit anh&#228;lt, kann der Tierarzt ein Mittel verschreiben, um die Geb&#228;rmutter zu beruhigen. Manche H&#252;ndinnen fressen ab dem 20. Tag f&#252;r einige Tage gar nichts oder zumindest sehr wenig. In der Regel pegelt sich ihr Fressverhalten danach wieder ein. Viele H&#252;ndinnen sind jetzt besonders anh&#228;nglich.<\/td>\n<\/tr>\n<tr>\n<td valign=\"top\" height=\"40\">15.-22. Tag<\/td>\n<td valign=\"top\" height=\"40\">Am 19. Tag setzen sich die Keimbl&#228;schen (sog. Blastocyten) in der Geb&#228;rmutterwand fest. Diese formen embrionale Bl&#228;schen. Ab dem 21. Tag sondern viele H&#252;ndinnen z&#228;hfl&#252;ssigen, klaren Schleim ab. Das ist das eindeutigste Zeichen, dass der Deckakt geklappt hat.<\/td>\n<\/tr>\n<tr>\n<td valign=\"top\" height=\"40\"><strong>4. Woche<\/strong><\/td>\n<td valign=\"top\" height=\"40\">Am 22. Tag sind die Embryonen sichtbar. Der Herzschlag kann zur Diagnose der Tr&#228;chtigkeit herangezogen werden. Anstrengende Aktivit&#228;ten sind jetzt zu vermeiden.Die Proteinzufuhr im Futter kann erh&#246;ht werden. Hierf&#252;r eignet sich sehr gut die Gabe von Welpenfutter. Zu diesem Zeitpunkt kann mit einer Ultraschalluntersuchung der Zustand der Tr&#228;chtigkeit festgestellt werden. Besprechen Sie m&#246;gliche Risiken einer solchen Untersuchung mit dem Tierarzt.<\/td>\n<\/tr>\n<tr>\n<td valign=\"top\" height=\"40\">21.-28. Tag<\/td>\n<td valign=\"top\" height=\"40\">Die Augen und die Nervenstr&#228;nge im R&#252;ckenmark werden gebildet. Die Organbildung beginnt. In dem derzeitigen Zustand sind die Embryonen sehr stark defektgef&#228;hrdet. Die Entwicklung der Zitzen beginnt.<\/td>\n<\/tr>\n<tr>\n<td valign=\"top\" height=\"40\">26.-30. Tag<\/td>\n<td valign=\"top\" height=\"40\">Dies ist der beste Zeitpunkt, um die Tr&#228;chtigkeit anhand des Herzschlags zu diagnostizieren. Die Embroynen sind etwas walnussgro&#223; und sind gleichm&#228;&#223;ig im Uterus verteilt.<\/td>\n<\/tr>\n<tr>\n<td valign=\"top\" height=\"40\"><strong>5. Woche<\/strong><\/td>\n<td valign=\"top\" height=\"40\">Die H&#252;ndin h&#246;rt auf, die Beine anzuziehen, weil das Gewicht ansteigt und die Welpen sich drehen. Das Anschwellen der weiblichen Scham wird merkbarer. Bitte achten Sie auf das Gewicht der H&#252;ndin und &#252;berf&#252;ttern Sie nicht. Die Herzschlag ist aufgrund der ansteigenden Fl&#252;ssigkeit in der Geb&#228;rmutter nicht mehr l&#228;nger als Diagnosemethode nutzbar.<\/td>\n<\/tr>\n<tr>\n<td valign=\"top\" height=\"40\">29. Tag<\/td>\n<td valign=\"top\" height=\"40\">Zehen, Barthaare und Krallen beginnen sich zu entwickeln.<\/td>\n<\/tr>\n<tr>\n<td valign=\"top\" height=\"40\">35. Tag<\/td>\n<td valign=\"top\" height=\"40\">Die Ausbildung der Organe ist abgeschlossen.Die F&#246;ten sehen nun aus wie Hunde. Kopf und Rumpf sind unterscheidbar. Das Geschlecht ist bestimmbar. Die Fellfarbe beginnt sich zu entwickeln. Der Herzschlag der F&#246;ten ist per Stetoskop h&#246;rbar. Die Zitzen der H&#252;ndin werden dunkler und schwellen an.<\/td>\n<\/tr>\n<tr>\n<td valign=\"top\" height=\"40\"><strong>6. Woche<\/strong><\/td>\n<td valign=\"top\" height=\"40\">Machen Sie die H&#252;ndin mit der Welpenbox vertraut. Lassen Sie sie dort schlafen. Erh&#246;hen Sie die Anzahl der Mahlzeiten und behalten Sie ihr Gewicht im Auge.<\/td>\n<\/tr>\n<tr>\n<td colspan=\"2\" height=\"40\"><\/td>\n<\/tr>\n<tr>\n<td valign=\"top\" height=\"40\"><strong>7. Woche<\/strong><\/td>\n<td valign=\"top\" height=\"40\">Die H&#252;ndin sollte jetzt nicht mehr mit anderen Hunden rauhe Spiele spielen oder springen. Per R&#246;ntgenaufnahme lassen sich Anzahl und Gr&#246;&#223;e der H&#252;ndchen bestimmen. Die H&#252;ndin sollte nur dann ger&#246;ntgt werden, wenn Schwangerschaftsprobleme auftauchen oder zu diesem Zeitpunkt noch immer unsicher ist, ob sie tats&#228;chlich Welpen bekommt. (z.B. Verdacht auf Einfr&#252;chtigkeit) Ansonsten stellt das R&#246;ntgen eine unn&#246;tige Belastung dar.Ab der 7. Woche messen Sie der H&#252;ndin einmal t&#228;glich rektal die Temperatur und notieren diese Werte.<\/td>\n<\/tr>\n<tr>\n<td valign=\"top\" height=\"40\">45. Tag<\/td>\n<td valign=\"top\" height=\"40\">Die Knochen verst&#228;rken sich. Die Welpen k&#246;nnen nun leicht unter der Bauchdecke ertastet jedoch noch schlecht gez&#228;hlt werden. Die Haare am Bauch der H&#252;ndin fallen aus.<\/td>\n<\/tr>\n<tr>\n<td valign=\"top\" height=\"40\"><strong>8. Woche<\/strong><\/td>\n<td valign=\"top\" height=\"40\">Die H&#252;ndin hat weniger Hunger, was durch den Platzmangel im Bauch verursacht wird. Unterrichten Sie Ihren Tierarzt &#252;ber den zu erwartenden Geburtszeitpunkt und er&#246;rtern Sie mit ihm m&#246;gliche Probleme. Stellen Sie die Utensilien f&#252;r die Geburt zusammen und bereiten Sie alles vor.<\/td>\n<\/tr>\n<tr>\n<td valign=\"top\" height=\"40\">48.-56. Tag<\/td>\n<td valign=\"top\" height=\"40\">Die H&#252;ndin verbringt sehr viel mehr Zeit mit der eigenen K&#246;rperpflege. Die Zitzen schwellen weiter an. Die H&#252;ndin wird unruhiger und sucht einen geeigneten Platz f&#252;rs Werfen. Sorgen Sie daf&#252;r, dass sie den Platz f&#252;rs Werfen so angenehm wie m&#246;glich vorfindet. Je nach Rasse kann man kleine Handt&#252;cher oder Waschlappen auf die Unterlage der Wurfkiste legen, um der H&#252;ndin Material f&#252;r ihren &#8220;Nestbau&#8221; zu geben.<\/td>\n<\/tr>\n<tr>\n<td valign=\"top\" height=\"40\">50. Tag<\/td>\n<td valign=\"top\" height=\"40\">F&#252;ttern Sie mehrere kleinere Mahlzeiten am Tag, da der Bauch beengt ist. Die Bewegung der Welpen im Mutterleib ist leicht erkennbar, wenn man die flache Hand vorsichtig auf den Bauch der H&#252;ndin legt. Sie muss dazu v&#246;llig entspannt sein.<\/td>\n<\/tr>\n<tr>\n<td valign=\"top\" height=\"40\">50.-65. Tag<\/td>\n<td valign=\"top\" height=\"40\">S&#228;ubern Sie Bauch und Schambereich mit warmem Wasser. K&#252;rzen Sie das Haar rund um die Zitzen, um den Welpen den Zugang zu erleichtern.<\/td>\n<\/tr>\n<tr>\n<td valign=\"top\" height=\"40\"><strong>9. Woche<\/strong><\/td>\n<td valign=\"top\" height=\"40\">M&#246;glicherweise hat die H&#252;ndin keine Appetit mehr, wenn die Zeit der Niederkunft naht.<\/td>\n<\/tr>\n<tr>\n<td valign=\"top\" height=\"40\">60.-63. Tag<\/td>\n<td valign=\"top\" height=\"40\">Die H&#252;ndin wird ruhelos und beginnt &#8216;Nestbau&#8217; Verhalten zu zeigen.<\/td>\n<\/tr>\n<tr>\n<td valign=\"top\" height=\"40\">60. Tag<\/td>\n<td valign=\"top\" height=\"40\">Messen Sie nun morgens und abends die Temperatur der H&#252;ndin. Die normale Temperatur schwankt je nach Rasse und Alter der H&#252;ndin zwischen 37,5 und 39,4 Grad Celsius. Gerade wegen der gro&#223;en Schwankungsbreite ist es wichtig, die normale K&#246;rpertemperatur zu kennen (Messungen 7. Woche). Wenn die Temparatur um ca. 1,5 bis 2 Grad Celsius f&#228;llt, werden die Welpen innerhalb der n&#228;chsten 6- 24 Stunden geboren.<\/td>\n<\/tr>\n<tr>\n<td valign=\"top\" height=\"40\">62. Tag<\/td>\n<td valign=\"top\" height=\"40\">Die H&#252;ndin wirkt m&#246;glicherweise ungl&#252;cklich, ruhelos, l&#228;uft immer hin und her und f&#252;hlt sich offensichtlich unwohl. Es kann sein, dass sich weisse Scheidenfl&#252;ssigkeit absondert.<\/td>\n<\/tr>\n<tr>\n<td valign=\"top\" height=\"40\">63. Tag<\/td>\n<td valign=\"top\" height=\"40\">Der vorausberechnete Tag der Geburt. Viele H&#252;ndinnen werfen zwischen dem 58. und 63. Tag. Einige lassen sich auch bis zum 66. Tag Zeit. Beobachten Sie Ihre H&#252;ndin vor allem bei Versp&#228;tungen sehr genau. &#220;belriechender, dunkler Ausfluss ist ein Alarmzeichen, sofort den Tierarzt aufzusuchen. Sp&#228;testens am 66. Tag muss ohnehin ein Tierarzt konsultiert werden. Es k&#246;nnten Geburtsprobleme wie zu gro&#223;e oder abgestorbene Welpen vorliegen. Dann kann nur schnelles Handeln das Leben von Mutter und Welpen retten.<\/td>\n<\/tr>\n<\/tbody>\n<\/table>\n<p><a href=\"http:\/\/www.welpen.de\/\" target=\"_blank\">www.welpen.de<\/a><\/p>\n","protected":false},"excerpt":{"rendered":"<p>Tr&#228;chtigkeitskalender \u00a0 1. Woche F&#252;r den Fall, dass Ihre H&#252;ndin Medikamente nehmen muss, gehen Sie bitte zum Tierarzt und besprechen Sie die Medikamentenvergabe bevor Sie dem Tier ein Medikament verabreichen. Die H&#252;ndin sollte normal gef&#252;ttert und normal bewegt werden. Bitte &hellip; <a href=\"https:\/\/www.dalmatiner-sachsen-anhalt.de\/blog\/trachtigkeitskalender\/\">Continue reading <span class=\"meta-nav\">&rarr;<\/span><\/a><\/p>\n","protected":false},"author":1,"featured_media":0,"parent":0,"menu_order":0,"comment_status":"open","ping_status":"open","template":"","meta":{"jetpack_post_was_ever_published":false},"jetpack_shortlink":"https:\/\/wp.me\/Px1eF-1yj","jetpack_sharing_enabled":true,"jetpack_likes_enabled":true,"jetpack-related-posts":[{"id":999,"url":"https:\/\/www.dalmatiner-sachsen-anhalt.de\/blog\/impressum\/stehbilder\/","url_meta":{"origin":5971,"position":0},"title":"Stehbilder","date":"27. Juli 2009","format":false,"excerpt":"Hier ver\u00f6ffentlichen wir die Stehbilder der Welpen, aufgenommen am 26.07.2009. Da sind sie gerade 48 Tage alt. AARON - verkauft R\u00fcde, w\/b beidseitig h\u00f6rend Wurftag 08.06.2009 Gewicht: 5500 g AMIGO - verkauft R\u00fcde, w\/s beidseitig h\u00f6rend Wurftag 08.06.2009 Gewicht: 5700 g ARES - verkauft R\u00fcde, w\/b beidseitig h\u00f6rend Wurftag 08.06.2009\u2026","rel":"","context":"In &quot;A-Wurf&quot;","img":{"alt_text":"","src":"https:\/\/i0.wp.com\/www.dalmatiner-sachsen-anhalt.de\/blog\/wp-content\/uploads\/2009\/07\/aaron-tag48_1881-300x200.jpg?resize=350%2C200","width":350,"height":200},"classes":[]},{"id":8627,"url":"https:\/\/www.dalmatiner-sachsen-anhalt.de\/blog\/der-dalmatiner\/zuechter-sein\/","url_meta":{"origin":5971,"position":1},"title":"Z&#252;chter sein?","date":"21. Juli 2025","format":false,"excerpt":"Z\u00fcchter zu sein? Z\u00fcchter zu sein bedeutet nicht nur s\u00fc\u00dfe Welpenfotos und Stolz auf sch\u00f6ne Hunde. Es ist auch ein riesiges Meer an Verzicht \u2013 still und f\u00fcr Au\u00dfenstehende oft unsichtbar. Zeit? \u201eFrei\u201c gibt es nicht. Wochenenden, Ausfl\u00fcge, Urlaub \u2013 vergiss es. Selbst ein paar Stunden weg sind Luxus. Du\u2026","rel":"","context":"Similar post","img":{"alt_text":"","src":"","width":0,"height":0},"classes":[]},{"id":6671,"url":"https:\/\/www.dalmatiner-sachsen-anhalt.de\/blog\/uber-uns\/datenschutz\/","url_meta":{"origin":5971,"position":2},"title":"Datenschutz","date":"3. November 2016","format":false,"excerpt":"\u00a0 Datenschutz Die Nutzung unserer Webseite ist in der Regel ohne Angabe personenbezogener Daten m\u00f6glich. Soweit auf unseren Seiten personenbezogene Daten (beispielsweise Name, Anschrift oder eMail-Adressen) erhoben werden, erfolgt dies, soweit m\u00f6glich, stets auf freiwilliger Basis. Diese Daten werden ohne Ihre ausdr\u00fcckliche Zustimmung nicht an Dritte weitergegeben. Wir weisen darauf\u2026","rel":"","context":"Similar post","img":{"alt_text":"","src":"","width":0,"height":0},"classes":[]},{"id":4180,"url":"https:\/\/www.dalmatiner-sachsen-anhalt.de\/blog\/der-dalmatiner\/gesundheit-luanua\/","url_meta":{"origin":5971,"position":3},"title":"Gesundheit","date":"6. Juni 2012","format":false,"excerpt":"\u00a0 Wer sich f\u00fcr den Dalmatiner interressiert, muss wissen, da\u00df diese\u00a0Rasse einige Besonderheiten aufweist. Auf die Wichtigste soll hier kurz eingegangen werden. \u00a0 Harns\u00e4ure: Die Entstehung eines so untypisch gezeichneten Hundes hat eine Genmutation hervorgerufen, so da\u00df der Dalmatiner als einzige Rasse sehr viel Harns\u00e4ure bildet und somit in der\u2026","rel":"","context":"Similar post","img":{"alt_text":"BackcrossProject - Normaler Harns\u00e4urespiegel beim Dalmatiner, FAQ, Z\u00fcchter, Vererbung...","src":"https:\/\/i0.wp.com\/www.dalmatiner-sachsen-anhalt.de\/blog\/wp-content\/uploads\/2012\/06\/nua-header2.jpg?fit=900%2C200&ssl=1&resize=350%2C200","width":350,"height":200},"classes":[]},{"id":962,"url":"https:\/\/www.dalmatiner-sachsen-anhalt.de\/blog\/der-dalmatiner\/welpenkaeuferinfo\/","url_meta":{"origin":5971,"position":4},"title":"Welpenk&#228;uferInfo","date":"22. Juli 2009","format":false,"excerpt":"\u00a0 Liebe Dalmatiner-Interessenten und Welpenk\u00e4ufer, die Anschaffung eines Tieres sollte nicht \u00fcbereilt erfolgen. Wir halten es f\u00fcr wichtig, sich vorher gr\u00fcndlich zu informieren, alles gut zu durchdenken, und danach zu entscheiden. Schlie\u00dflich werden unsere sch\u00f6nen und geliebten Dalmatiner 12 bis 14 Jahre alt. Und diese Zeit wollen unsere Hunde freudig,\u2026","rel":"","context":"In &quot;A-Wurf&quot;","img":{"alt_text":"","src":"https:\/\/i0.wp.com\/www.dalmatiner-sachsen-anhalt.de\/blog\/wp-content\/uploads\/2014\/01\/wuehltischwelpen-2-300x300.png?resize=350%2C200","width":350,"height":200},"classes":[]},{"id":5954,"url":"https:\/\/www.dalmatiner-sachsen-anhalt.de\/blog\/der-dalmatiner\/ein-welpe-zieht-ein-tipps\/","url_meta":{"origin":5971,"position":5},"title":"Ein Welpe zieht ein &#8211; Tipps&#8230;","date":"9. Januar 2014","format":false,"excerpt":"\u00a0 Hier ein paar humorvolle Tipps f\u00fcr \u00dcbungen zur Vorbereitung auf einen Welpen: Gie\u00dfen Sie kalten Apfelsaft in verschiedenen Abst\u00e4nden auf den Fu\u00dfboden Ihres Hauses, und laufen Sie dann barfuss im Dunkeln. Tragen Sie Socken deren Spitzen mit einer stumpfen Schere zerraspelt sind. Laufen Sie t\u00e4glich sofort nach dem Aufwachen\u2026","rel":"","context":"Similar post","img":{"alt_text":"","src":"","width":0,"height":0},"classes":[]}],"_links":{"self":[{"href":"https:\/\/www.dalmatiner-sachsen-anhalt.de\/blog\/wp-json\/wp\/v2\/pages\/5971"}],"collection":[{"href":"https:\/\/www.dalmatiner-sachsen-anhalt.de\/blog\/wp-json\/wp\/v2\/pages"}],"about":[{"href":"https:\/\/www.dalmatiner-sachsen-anhalt.de\/blog\/wp-json\/wp\/v2\/types\/page"}],"author":[{"embeddable":true,"href":"https:\/\/www.dalmatiner-sachsen-anhalt.de\/blog\/wp-json\/wp\/v2\/users\/1"}],"replies":[{"embeddable":true,"href":"https:\/\/www.dalmatiner-sachsen-anhalt.de\/blog\/wp-json\/wp\/v2\/comments?post=5971"}],"version-history":[{"count":7,"href":"https:\/\/www.dalmatiner-sachsen-anhalt.de\/blog\/wp-json\/wp\/v2\/pages\/5971\/revisions"}],"predecessor-version":[{"id":5979,"href":"https:\/\/www.dalmatiner-sachsen-anhalt.de\/blog\/wp-json\/wp\/v2\/pages\/5971\/revisions\/5979"}],"wp:attachment":[{"href":"https:\/\/www.dalmatiner-sachsen-anhalt.de\/blog\/wp-json\/wp\/v2\/media?parent=5971"}],"curies":[{"name":"wp","href":"https:\/\/api.w.org\/{rel}","templated":true}]}}