{"id":6671,"date":"2016-11-03T21:52:58","date_gmt":"2016-11-03T19:52:58","guid":{"rendered":"http:\/\/www.dalmatiner-sachsen-anhalt.de\/blog\/?page_id=6671"},"modified":"2016-11-03T22:05:24","modified_gmt":"2016-11-03T20:05:24","slug":"datenschutz","status":"publish","type":"page","link":"https:\/\/www.dalmatiner-sachsen-anhalt.de\/blog\/uber-uns\/datenschutz\/","title":{"rendered":"Datenschutz"},"content":{"rendered":"<p>&nbsp;<\/p>\n<p><strong>Datenschutz<\/strong><\/p>\n<p>Die Nutzung unserer Webseite ist in der Regel ohne Angabe personenbezogener Daten m&#246;glich. Soweit auf unseren Seiten personenbezogene Daten (beispielsweise Name, Anschrift oder eMail-Adressen) erhoben werden, erfolgt dies, soweit m&#246;glich, stets auf freiwilliger Basis. Diese Daten werden ohne Ihre ausdr&#252;ckliche Zustimmung nicht an Dritte weitergegeben.<\/p>\n<p>Wir weisen darauf hin, dass die Daten&#252;bertragung im Internet (z.B. bei der Kommunikation per E-Mail) Sicherheitsl&#252;cken aufweisen kann. Ein l&#252;ckenloser Schutz der Daten vor dem Zugriff durch Dritte ist nicht m&#246;glich.<\/p>\n<p>Der Nutzung von im Rahmen der Impressumspflicht ver&#246;ffentlichten Kontaktdaten durch Dritte zur &#220;bersendung von nicht ausdr&#252;cklich angeforderter Werbung und Informationsmaterialien wird hiermit ausdr&#252;cklich widersprochen. Die Betreiber der Seiten behalten sich ausdr&#252;cklich rechtliche Schritte im Falle der unverlangten Zusendung von Werbeinformationen, etwa durch Spam-Mails, vor.<\/p>\n<p><strong>Datenschutzerkl&#228;rung f&#252;r die Nutzung von Facebook-Plugins (Like-Button)<\/strong><\/p>\n<p>Auf unseren Seiten sind Plugins des sozialen Netzwerks Facebook, 1601 South California Avenue, Palo Alto, CA 94304, USA integriert. Die Facebook-Plugins erkennen Sie an dem Facebook-Logo oder dem &#8220;Like-Button&#8221; (&#8220;Gef&#228;llt mir&#8221;) auf unserer Seite. Eine &#220;bersicht &#252;ber die Facebook-Plugins finden Sie hier: <a href=\"http:\/\/developers.facebook.com\/docs\/plugins\/\" target=\"_blank\">http:\/\/developers.facebook.com\/docs\/plugins\/<\/a>.<br \/>\nWenn Sie unsere Seiten besuchen, wird &#252;ber das Plugin eine direkte Verbindung zwischen Ihrem Browser und dem Facebook-Server hergestellt. Facebook erh&#228;lt dadurch die Information, dass Sie mit Ihrer IP-Adresse unsere Seite besucht haben. Wenn Sie den Facebook &#8220;Like-Button&#8221; anklicken w&#228;hrend Sie in Ihrem Facebook-Account eingeloggt sind, k&#246;nnen Sie die Inhalte unserer Seiten auf Ihrem Facebook-Profil verlinken. Dadurch kann Facebook den Besuch unserer Seiten Ihrem Benutzerkonto zuordnen. Wir weisen darauf hin, dass wir als Anbieter der Seiten keine Kenntnis vom Inhalt der &#252;bermittelten Daten sowie deren Nutzung durch Facebook erhalten. Weitere Informationen hierzu finden Sie in der Datenschutzerkl&#228;rung von facebook unter <a href=\"http:\/\/de-de.facebook.com\/policy.php\" target=\"_blank\"> http:\/\/de-de.facebook.com\/policy.php<\/a><\/p>\n<p>Wenn Sie nicht w&#252;nschen, dass Facebook den Besuch unserer Seiten Ihrem Facebook-Nutzerkonto zuordnen kann, loggen Sie sich bitte aus Ihrem Facebook-Benutzerkonto aus.<\/p>\n<p><strong>Datenschutzerkl&#228;rung f&#252;r die Nutzung von Google Analytics<\/strong><\/p>\n<p>Diese Website benutzt Google Analytics, einen Webanalysedienst der Google Inc. (&#8220;Google&#8221;). Google Analytics verwendet sog. &#8220;Cookies&#8221;, Textdateien, die auf Ihrem Computer gespeichert werden und die eine Analyse der Benutzung der Website durch Sie erm&#246;glichen. Die durch den Cookie erzeugten Informationen &#252;ber Ihre Benutzung dieser Website werden in der Regel an einen Server von Google in den USA &#252;bertragen und dort gespeichert. Im Falle der Aktivierung der IP-Anonymisierung auf dieser Webseite wird Ihre IP-Adresse von Google jedoch innerhalb von Mitgliedstaaten der Europ&#228;ischen Union oder in anderen Vertragsstaaten des Abkommens &#252;ber den Europ&#228;ischen Wirtschaftsraum zuvor gek&#252;rzt.<\/p>\n<p>Nur in Ausnahmef&#228;llen wird die volle IP-Adresse an einen Server von Google in den USA &#252;bertragen und dort gek&#252;rzt. Im Auftrag des Betreibers dieser Website wird Google diese Informationen benutzen, um Ihre Nutzung der Website auszuwerten, um Reports &#252;ber die Websiteaktivit&#228;ten zusammenzustellen und um weitere mit der Websitenutzung und der Internetnutzung verbundene Dienstleistungen gegen&#252;ber dem Websitebetreiber zu erbringen. Die im Rahmen von Google Analytics von Ihrem Browser &#252;bermittelte IP-Adresse wird nicht mit anderen Daten von Google zusammengef&#252;hrt.<\/p>\n<p>Sie k&#246;nnen die Speicherung der Cookies durch eine entsprechende Einstellung Ihrer Browser-Software verhindern; wir weisen Sie jedoch darauf hin, dass Sie in diesem Fall gegebenenfalls nicht s&#228;mtliche Funktionen dieser Website vollumf&#228;nglich werden nutzen k&#246;nnen. Sie k&#246;nnen dar&#252;ber hinaus die Erfassung der durch das Cookie erzeugten und auf Ihre Nutzung der Website bezogenen Daten (inkl. Ihrer IP-Adresse) an Google sowie die Verarbeitung dieser Daten durch Google verhindern, indem sie das unter dem folgenden Link verf&#252;gbare Browser-Plugin herunterladen und installieren: <a href=\"http:\/\/tools.google.com\/dlpage\/gaoptout?hl=de\">http:\/\/tools.google.com\/dlpage\/gaoptout?hl=de<\/a>.<\/p>\n<p><i>Quellen: <a href=\"http:\/\/www.e-recht24.de\/muster-disclaimer.htm\" target=\"_blank\">eRecht24 Disclaimer<\/a>, <a href=\"http:\/\/www.e-recht24.de\/artikel\/datenschutz\/6590-facebook-like-button-datenschutz-disclaimer.html\" target=\"_blank\">Facebook Datenschutzerkl&#228;rung<\/a>, <a href=\"http:\/\/www.google.com\/intl\/de\/analytics\/privacyoverview.html\" target=\"_blank\">Google Analytics Bedingungen<\/a><\/i><\/p>\n","protected":false},"excerpt":{"rendered":"<p>&nbsp; Datenschutz Die Nutzung unserer Webseite ist in der Regel ohne Angabe personenbezogener Daten m&#246;glich. Soweit auf unseren Seiten personenbezogene Daten (beispielsweise Name, Anschrift oder eMail-Adressen) erhoben werden, erfolgt dies, soweit m&#246;glich, stets auf freiwilliger Basis. Diese Daten werden ohne &hellip; <a href=\"https:\/\/www.dalmatiner-sachsen-anhalt.de\/blog\/uber-uns\/datenschutz\/\">Continue reading <span class=\"meta-nav\">&rarr;<\/span><\/a><\/p>\n","protected":false},"author":1,"featured_media":0,"parent":8,"menu_order":0,"comment_status":"closed","ping_status":"open","template":"","meta":{"jetpack_post_was_ever_published":false},"jetpack_shortlink":"https:\/\/wp.me\/Px1eF-1JB","jetpack_sharing_enabled":false,"jetpack_likes_enabled":true,"jetpack-related-posts":[{"id":4180,"url":"https:\/\/www.dalmatiner-sachsen-anhalt.de\/blog\/der-dalmatiner\/gesundheit-luanua\/","url_meta":{"origin":6671,"position":0},"title":"Gesundheit","date":"6. Juni 2012","format":false,"excerpt":"\u00a0 Wer sich f\u00fcr den Dalmatiner interressiert, muss wissen, da\u00df diese\u00a0Rasse einige Besonderheiten aufweist. Auf die Wichtigste soll hier kurz eingegangen werden. \u00a0 Harns\u00e4ure: Die Entstehung eines so untypisch gezeichneten Hundes hat eine Genmutation hervorgerufen, so da\u00df der Dalmatiner als einzige Rasse sehr viel Harns\u00e4ure bildet und somit in der\u2026","rel":"","context":"Similar post","img":{"alt_text":"BackcrossProject - Normaler Harns\u00e4urespiegel beim Dalmatiner, FAQ, Z\u00fcchter, Vererbung...","src":"https:\/\/i0.wp.com\/www.dalmatiner-sachsen-anhalt.de\/blog\/wp-content\/uploads\/2012\/06\/nua-header2.jpg?fit=900%2C200&ssl=1&resize=350%2C200","width":350,"height":200},"classes":[]},{"id":5971,"url":"https:\/\/www.dalmatiner-sachsen-anhalt.de\/blog\/trachtigkeitskalender\/","url_meta":{"origin":6671,"position":1},"title":"Tr&#228;chtigkeitskalender","date":"14. Januar 2014","format":false,"excerpt":"Tr\u00e4chtigkeitskalender \u00a0 1. Woche F\u00fcr den Fall, dass Ihre H\u00fcndin Medikamente nehmen muss, gehen Sie bitte zum Tierarzt und besprechen Sie die Medikamentenvergabe bevor Sie dem Tier ein Medikament verabreichen. Die H\u00fcndin sollte normal gef\u00fcttert und normal bewegt werden. Bitte keine Insektizide benutzen oder Impfungen mit lebend Stoffen verabreichen. Erster\u2026","rel":"","context":"Similar post","img":{"alt_text":"","src":"","width":0,"height":0},"classes":[]},{"id":1970,"url":"https:\/\/www.dalmatiner-sachsen-anhalt.de\/blog\/ausstellungen\/","url_meta":{"origin":6671,"position":2},"title":"Ausstellungen","date":"25. Februar 2010","format":false,"excerpt":"Spezial-Rassehunde-Ausstellung Magdeburg 2019 Athene von den Sandst\u00fccken (10 Jahre - VetKl am 6.4.19) -\u00a0(Platz 1; Anw.Vet.Ch.VDH; CAC) Athene\u00a0von den Sandst\u00fccken (10 Jahre -\u00a0VetKl am 7.4.19) -\u00a0(Platz 2;\u00a0Res.-Anw.Vet.Ch.VDH;\u00a0Res CAC) 8. Spezial-Rassehunde-Ausstellung Bochum 2018 Athene von den Sandst\u00fccken (9 Jahre - VetKl) -\u00a0(Platz 1 und Tagesbester Veteran; Anw.Vet.Ch.VDH) Hermine\u00a0vom Roten Herzfleck (14\u2026","rel":"","context":"In &quot;A-Wurf&quot;","img":{"alt_text":"","src":"https:\/\/i0.wp.com\/www.dalmatiner-sachsen-anhalt.de\/blog\/wp-content\/uploads\/2013\/05\/athene-vdS-4-J-Bochum-392x261.jpg?resize=350%2C200","width":350,"height":200},"classes":[]},{"id":5954,"url":"https:\/\/www.dalmatiner-sachsen-anhalt.de\/blog\/der-dalmatiner\/ein-welpe-zieht-ein-tipps\/","url_meta":{"origin":6671,"position":3},"title":"Ein Welpe zieht ein &#8211; Tipps&#8230;","date":"9. Januar 2014","format":false,"excerpt":"\u00a0 Hier ein paar humorvolle Tipps f\u00fcr \u00dcbungen zur Vorbereitung auf einen Welpen: Gie\u00dfen Sie kalten Apfelsaft in verschiedenen Abst\u00e4nden auf den Fu\u00dfboden Ihres Hauses, und laufen Sie dann barfuss im Dunkeln. Tragen Sie Socken deren Spitzen mit einer stumpfen Schere zerraspelt sind. Laufen Sie t\u00e4glich sofort nach dem Aufwachen\u2026","rel":"","context":"Similar post","img":{"alt_text":"","src":"","width":0,"height":0},"classes":[]}],"_links":{"self":[{"href":"https:\/\/www.dalmatiner-sachsen-anhalt.de\/blog\/wp-json\/wp\/v2\/pages\/6671"}],"collection":[{"href":"https:\/\/www.dalmatiner-sachsen-anhalt.de\/blog\/wp-json\/wp\/v2\/pages"}],"about":[{"href":"https:\/\/www.dalmatiner-sachsen-anhalt.de\/blog\/wp-json\/wp\/v2\/types\/page"}],"author":[{"embeddable":true,"href":"https:\/\/www.dalmatiner-sachsen-anhalt.de\/blog\/wp-json\/wp\/v2\/users\/1"}],"replies":[{"embeddable":true,"href":"https:\/\/www.dalmatiner-sachsen-anhalt.de\/blog\/wp-json\/wp\/v2\/comments?post=6671"}],"version-history":[{"count":2,"href":"https:\/\/www.dalmatiner-sachsen-anhalt.de\/blog\/wp-json\/wp\/v2\/pages\/6671\/revisions"}],"predecessor-version":[{"id":6673,"href":"https:\/\/www.dalmatiner-sachsen-anhalt.de\/blog\/wp-json\/wp\/v2\/pages\/6671\/revisions\/6673"}],"up":[{"embeddable":true,"href":"https:\/\/www.dalmatiner-sachsen-anhalt.de\/blog\/wp-json\/wp\/v2\/pages\/8"}],"wp:attachment":[{"href":"https:\/\/www.dalmatiner-sachsen-anhalt.de\/blog\/wp-json\/wp\/v2\/media?parent=6671"}],"curies":[{"name":"wp","href":"https:\/\/api.w.org\/{rel}","templated":true}]}}