{"id":8,"date":"2009-02-27T13:36:34","date_gmt":"2009-02-27T13:36:34","guid":{"rendered":"http:\/\/dalmatinerwelpen.wordpress.com\/about\/"},"modified":"2023-02-17T18:11:25","modified_gmt":"2023-02-17T16:11:25","slug":"uber-uns","status":"publish","type":"page","link":"https:\/\/www.dalmatiner-sachsen-anhalt.de\/blog\/uber-uns\/","title":{"rendered":"&#220;ber uns"},"content":{"rendered":"<p style=\"text-align: left;\"><span style=\"color: #0000ff;\"><strong><span style=\"vertical-align: inherit;\"><span style=\"vertical-align: inherit;\">Herzlich Willkommen!<\/span><\/span><\/strong><\/span><\/p>\n<h2 style=\"text-align: left;\"><a href=\"https:\/\/i0.wp.com\/www.dalmatiner-sachsen-anhalt.de\/blog\/wp-content\/uploads\/2009\/02\/IMG_0352.jpg?ssl=1\"><img data-attachment-id=\"6664\" data-permalink=\"https:\/\/www.dalmatiner-sachsen-anhalt.de\/blog\/uber-uns\/img_0352\/\" data-orig-file=\"https:\/\/i0.wp.com\/www.dalmatiner-sachsen-anhalt.de\/blog\/wp-content\/uploads\/2009\/02\/IMG_0352.jpg?fit=1152%2C768&amp;ssl=1\" data-orig-size=\"1152,768\" data-comments-opened=\"1\" data-image-meta=\"{&quot;aperture&quot;:&quot;0&quot;,&quot;credit&quot;:&quot;&quot;,&quot;camera&quot;:&quot;&quot;,&quot;caption&quot;:&quot;&quot;,&quot;created_timestamp&quot;:&quot;0&quot;,&quot;copyright&quot;:&quot;&quot;,&quot;focal_length&quot;:&quot;0&quot;,&quot;iso&quot;:&quot;0&quot;,&quot;shutter_speed&quot;:&quot;0&quot;,&quot;title&quot;:&quot;&quot;,&quot;orientation&quot;:&quot;0&quot;}\" data-image-title=\"Schermener Rudel 2016\" data-image-description=\"\" data-image-caption=\"\" data-medium-file=\"https:\/\/i0.wp.com\/www.dalmatiner-sachsen-anhalt.de\/blog\/wp-content\/uploads\/2009\/02\/IMG_0352.jpg?fit=300%2C200&amp;ssl=1\" data-large-file=\"https:\/\/i0.wp.com\/www.dalmatiner-sachsen-anhalt.de\/blog\/wp-content\/uploads\/2009\/02\/IMG_0352.jpg?fit=584%2C390&amp;ssl=1\" decoding=\"async\" loading=\"lazy\" class=\" alignleft wp-image-6664\" title=\"Schermener Rudel 2016\" src=\"https:\/\/i0.wp.com\/www.dalmatiner-sachsen-anhalt.de\/blog\/wp-content\/uploads\/2009\/02\/IMG_0352.jpg?resize=317%2C215&#038;ssl=1\" alt=\"Schermener Rudel 2016_img_0352\" width=\"317\" height=\"215\" data-recalc-dims=\"1\" \/><\/a><span style=\"vertical-align: inherit;\"><span style=\"vertical-align: inherit;\">Sind Sie auf\u00a0 <\/span><\/span><strong><span style=\"vertical-align: inherit;\"><span style=\"vertical-align: inherit;\">Dalmatiner-Suche<\/span><\/span><\/strong><span style=\"vertical-align: inherit;\"><span style=\"vertical-align: inherit;\"> ? <\/span><\/span><br \/>\n<span style=\"vertical-align: inherit;\"><span style=\"vertical-align: inherit;\">Kennen Sie den Film <\/span><\/span><br \/>\n<span style=\"vertical-align: inherit;\"><span style=\"vertical-align: inherit;\">\u201e <\/span><\/span><strong><span style=\"vertical-align: inherit;\"><span style=\"vertical-align: inherit;\">101 Dalmatiner<\/span><\/span><\/strong><span style=\"vertical-align: inherit;\"><span style=\"vertical-align: inherit;\"> \u201c?<\/span><\/span><\/h2>\n<p><span style=\"vertical-align: inherit;\"><span style=\"vertical-align: inherit;\">Wir besitzen seit 1995 diese sch&#246;nen und <\/span><\/span><strong><span style=\"vertical-align: inherit;\"><span style=\"vertical-align: inherit;\">au&#223;ergew&#246;hnlichen <\/span><\/span><\/strong> <strong><span style=\"vertical-align: inherit;\"><span style=\"vertical-align: inherit;\">Hunde<\/span><\/span><\/strong><span style=\"vertical-align: inherit;\"><span style=\"vertical-align: inherit;\"> . <\/span><span style=\"vertical-align: inherit;\">Schon immer war der <\/span><\/span><strong><span style=\"vertical-align: inherit;\"><span style=\"vertical-align: inherit;\">Dalmatiner<\/span><\/span><\/strong><span style=\"vertical-align: inherit;\"><span style=\"vertical-align: inherit;\"> mit seinem freundlichen Wesen und seiner eleganten Erscheinung unser <\/span><\/span><strong><span style=\"vertical-align: inherit;\"><span style=\"vertical-align: inherit;\">Lieblingshund<\/span><\/span><\/strong><span style=\"vertical-align: inherit;\"><span style=\"vertical-align: inherit;\"> . <\/span><span style=\"vertical-align: inherit;\">Nachdem unsere Kinder nun schon &#228;lter sind, haben wir uns entschlossen, nicht mehr nur <\/span><\/span><strong><span style=\"vertical-align: inherit;\"><span style=\"vertical-align: inherit;\">Hundeanzeigen<\/span><\/span><\/strong><span style=\"vertical-align: inherit;\"><span style=\"vertical-align: inherit;\"> zu lesen, sondern auch selbst zu z&#252;chten.<\/span><\/span><\/p>\n<p><span style=\"vertical-align: inherit;\"><span style=\"vertical-align: inherit;\">Wir sind Mitglied im <\/span><\/span><strong><span style=\"vertical-align: inherit;\"><span style=\"vertical-align: inherit;\">DVD<\/span><\/span><\/strong><span style=\"vertical-align: inherit;\"><span style=\"vertical-align: inherit;\"> (Dalmatiner Verein Deutschland) und z&#252;chten nach dessen strengen Regeln wesensfeste, familienfreundliche und gesunde <\/span><\/span><strong><span style=\"vertical-align: inherit;\"><span style=\"vertical-align: inherit;\">Dalmatiner<\/span><\/span><\/strong><span style=\"vertical-align: inherit;\"><span style=\"vertical-align: inherit;\"> mit Papieren und <\/span><\/span><strong><span style=\"vertical-align: inherit;\"><span style=\"vertical-align: inherit;\">Ahnentafeln<\/span><\/span><\/strong><span style=\"vertical-align: inherit;\"><span style=\"vertical-align: inherit;\"> . <\/span><span style=\"vertical-align: inherit;\">Unsere <\/span><\/span><strong><span style=\"vertical-align: inherit;\"><span style=\"vertical-align: inherit;\">Dalmatinerwelpen<\/span><\/span><\/strong><span style=\"vertical-align: inherit;\"><span style=\"vertical-align: inherit;\"> werden <\/span><\/span><strong><span style=\"vertical-align: inherit;\"><span style=\"vertical-align: inherit;\">geimpft<\/span><\/span><\/strong><span style=\"vertical-align: inherit;\"><span style=\"vertical-align: inherit;\"> , <\/span><\/span><strong><span style=\"vertical-align: inherit;\"><span style=\"vertical-align: inherit;\">entwurmt<\/span><\/span><\/strong><span style=\"vertical-align: inherit;\"><span style=\"vertical-align: inherit;\"> , <\/span><\/span><strong><span style=\"vertical-align: inherit;\"><span style=\"vertical-align: inherit;\">gechipt<\/span><\/span><\/strong><span style=\"vertical-align: inherit;\"><span style=\"vertical-align: inherit;\"> , <\/span><\/span><strong><span style=\"vertical-align: inherit;\"><span style=\"vertical-align: inherit;\">audiometrisch untersucht<\/span><\/span><\/strong><span style=\"vertical-align: inherit;\"><span style=\"vertical-align: inherit;\"> , sowie erfolgreich an Familie, andere Menschen und Tiere, Autos, Spazieren gehen und an zahlreiche Ger&#228;usche gew&#246;hnt. <\/span><span style=\"vertical-align: inherit;\">Bisher hatten wir <\/span><\/span><strong><span style=\"vertical-align: inherit;\"><span style=\"vertical-align: inherit;\">vier W&#252;rfe\u00a0<\/span><\/span><\/strong><span style=\"vertical-align: inherit;\"><span style=\"vertical-align: inherit;\"> in unserer Zuchtst&#228;tte &#8211; aus exzellenter Verpaarung &#8211;\u00a0 <\/span><\/span><strong><span style=\"vertical-align: inherit;\"><span style=\"vertical-align: inherit;\">sch&#246;ne Dalmatiner Welpen<\/span><\/span><\/strong><span style=\"vertical-align: inherit;\"><span style=\"vertical-align: inherit;\"> . <\/span><span style=\"vertical-align: inherit;\">Die Elterntiere sind kerngesund, erfolgreich, <\/span><\/span><strong><span style=\"vertical-align: inherit;\"><span style=\"vertical-align: inherit;\">wundersch&#246;n<\/span><\/span><\/strong><span style=\"vertical-align: inherit;\"><span style=\"vertical-align: inherit;\">und haben eine tolle <\/span><\/span><strong><span style=\"vertical-align: inherit;\"><span style=\"vertical-align: inherit;\">Ahnenreihe<\/span><\/span><\/strong><span style=\"vertical-align: inherit;\"><span style=\"vertical-align: inherit;\"> .<\/span><\/span><\/p>\n<blockquote>\n<p style=\"text-align: left;\"><span style=\"vertical-align: inherit;\"><span style=\"vertical-align: inherit;\">Den\u00a0 <\/span><\/span><strong><span style=\"color: #ffff00;\"><span style=\"vertical-align: inherit;\"><span style=\"vertical-align: inherit;\">C- Wurf \u00a0<\/span><\/span><\/span><\/strong><span style=\"vertical-align: inherit;\"><span style=\"vertical-align: inherit;\"> hatten wir Anfang des Jahres 2013 mit unserer Athene vdS. <\/span><span style=\"vertical-align: inherit;\">Dies war ein <\/span><\/span><strong><span style=\"color: #ffff00;\"><span style=\"vertical-align: inherit;\"><span style=\"vertical-align: inherit;\">besonderer Wurf<\/span><\/span><\/span><\/strong><span style=\"vertical-align: inherit;\"><span style=\"vertical-align: inherit;\"> , weil wir als Deckr&#252;den \u201eStocklore Wizard of the Forrest\u201c (Merlin) einsetzten. <\/span><span style=\"vertical-align: inherit;\">Er lebt in England und ist Tr&#228;ger des <\/span><\/span><strong><span style=\"color: #ffff00;\"><span style=\"vertical-align: inherit;\"><span style=\"vertical-align: inherit;\">LUA<\/span><\/span><\/span><\/strong><span style=\"vertical-align: inherit;\"><span style=\"vertical-align: inherit;\"> &#8211; Gens. <\/span><span style=\"vertical-align: inherit;\">Das bedeutet, da&#223; er ein Dalmatiner mit &#8220;normalem Harns&#228;urespiegel&#8221; ist. <\/span><span style=\"vertical-align: inherit;\">Bei den LUA&#8217;s besteht \u2013 aufgrund der normalen Harns&#228;urebildung \u2013 nicht die Gefahr der Bildung von Kristallen oder Grie&#223; im Urin (Uratstein). <\/span><span style=\"vertical-align: inherit;\">Das Lua-Gen wird auf die Nachkommen vererbt. <\/span><span style=\"vertical-align: inherit;\">Bei dieser Verpaarung (C-Wurf) hatten wir 6 Welpen, 2 H&#252;ndinnen und 4 R&#252;den, davon \u00a0 <\/span><\/span><span style=\"color: #ffff00;\"><strong><span style=\"vertical-align: inherit;\"><span style=\"vertical-align: inherit;\">2 LUA- Dalmis<\/span><\/span><\/strong><\/span><span style=\"vertical-align: inherit;\"><span style=\"vertical-align: inherit;\"> .<\/span><\/span><\/p>\n<p style=\"text-align: left;\"><strong><span style=\"vertical-align: inherit;\"><span style=\"vertical-align: inherit;\">Alle Welpen sind beidseitig h&#246;rbar und bis auf 1 Rutenplatte fehlerfrei.<\/span><\/span><\/strong><\/p>\n<p style=\"text-align: left;\"><span style=\"vertical-align: inherit;\"><span style=\"vertical-align: inherit;\">So wollen wir als Z&#252;chter einen Beitrag zur Gesundheit der Rasse leisten, indem wir die LUA&#8217;s in erster Linie in die weitere Zucht geben \/ an Z&#252;chter vermitteln k&#246;nnen. <\/span><span style=\"vertical-align: inherit;\">Vertiefende Informationen und Empfehlungen zu den gesundheitlichen Aspekten erhalten Sie auf der Seite <\/span><\/span><a href=\"https:\/\/www.dalmatiner-sachsen-anhalt.de\/blog\/?page_id=4180\"><span style=\"vertical-align: inherit;\"><span style=\"vertical-align: inherit;\">\u201eGesundheit\u201c<\/span><\/span><\/a><span style=\"vertical-align: inherit;\"><span style=\"vertical-align: inherit;\"> .<\/span><\/span><\/p>\n<\/blockquote>\n<p><span style=\"vertical-align: inherit;\"><span style=\"vertical-align: inherit;\">Unsere <\/span><\/span><strong><span style=\"vertical-align: inherit;\"><span style=\"vertical-align: inherit;\">Dalmatinerzuchtst&#228;tte<\/span><\/span><\/strong><span style=\"vertical-align: inherit;\"><span style=\"vertical-align: inherit;\"> \u201e <\/span><\/span><strong><span style=\"vertical-align: inherit;\"><span style=\"vertical-align: inherit;\">von den Sandst&#252;cken<\/span><\/span><\/strong><span style=\"vertical-align: inherit;\"><span style=\"vertical-align: inherit;\"> \u201c befindet sich in der N&#228;he von <\/span><\/span><strong><span style=\"vertical-align: inherit;\"><span style=\"vertical-align: inherit;\">Magdeburg<\/span><\/span><\/strong><span style=\"vertical-align: inherit;\"><span style=\"vertical-align: inherit;\"> , <\/span><\/span><strong><span style=\"vertical-align: inherit;\"><span style=\"vertical-align: inherit;\">an der Autobahn A2<\/span><\/span><\/strong><span style=\"vertical-align: inherit;\"><span style=\"vertical-align: inherit;\"> . <\/span><\/span><br \/>\n<span style=\"vertical-align: inherit;\"><span style=\"vertical-align: inherit;\">Falls Sie interessiert sind, bieten wir Ihnen Besichtigung der Welpen nach Absprache und kompetente Beratung &#8211; ein Hundeleben lang.<\/span><\/span><\/p>\n<p style=\"text-align: center;\"><a href=\"https:\/\/welpen.vdh.de\/hunderassen\/rasselexikon\/zuechter\/andrea-kumpfert\" target=\"_blank\" rel=\"noopener noreferrer\"><img data-attachment-id=\"8001\" data-permalink=\"https:\/\/www.dalmatiner-sachsen-anhalt.de\/blog\/uber-uns\/zuechter-plakette-2023\/\" data-orig-file=\"https:\/\/i0.wp.com\/www.dalmatiner-sachsen-anhalt.de\/blog\/wp-content\/uploads\/2009\/02\/Zuechter-Plakette-2023.jpg?fit=1834%2C1177&amp;ssl=1\" data-orig-size=\"1834,1177\" data-comments-opened=\"1\" data-image-meta=\"{&quot;aperture&quot;:&quot;0&quot;,&quot;credit&quot;:&quot;&quot;,&quot;camera&quot;:&quot;&quot;,&quot;caption&quot;:&quot;&quot;,&quot;created_timestamp&quot;:&quot;0&quot;,&quot;copyright&quot;:&quot;&quot;,&quot;focal_length&quot;:&quot;0&quot;,&quot;iso&quot;:&quot;0&quot;,&quot;shutter_speed&quot;:&quot;0&quot;,&quot;title&quot;:&quot;&quot;,&quot;orientation&quot;:&quot;0&quot;}\" data-image-title=\"Zuechter-Plakette-2023\" data-image-description=\"\" data-image-caption=\"\" data-medium-file=\"https:\/\/i0.wp.com\/www.dalmatiner-sachsen-anhalt.de\/blog\/wp-content\/uploads\/2009\/02\/Zuechter-Plakette-2023.jpg?fit=300%2C193&amp;ssl=1\" data-large-file=\"https:\/\/i0.wp.com\/www.dalmatiner-sachsen-anhalt.de\/blog\/wp-content\/uploads\/2009\/02\/Zuechter-Plakette-2023.jpg?fit=584%2C375&amp;ssl=1\" decoding=\"async\" loading=\"lazy\" class=\"alignundefined wp-image-8001\" title=\"Zum VDH Z&#252;chterprofil\" src=\"https:\/\/i0.wp.com\/www.dalmatiner-sachsen-anhalt.de\/blog\/wp-content\/uploads\/2009\/02\/Zuechter-Plakette-2023.jpg?resize=130%2C90&#038;ssl=1\" alt=\"\" width=\"130\" height=\"90\" data-recalc-dims=\"1\" \/><\/a><\/p>\n<p>&nbsp;<\/p>\n<h2 style=\"text-align: center;\"><span style=\"vertical-align: inherit;\"><span style=\"vertical-align: inherit;\">Unser Zuchtziel<\/span><\/span><\/h2>\n<p><span style=\"vertical-align: inherit;\"><span style=\"vertical-align: inherit;\">sind gesunde und in ihrem Wesen freundlich gepr&#228;gte und <\/span><\/span><strong><span style=\"vertical-align: inherit;\"><span style=\"vertical-align: inherit;\">sozialisierte Welpen<\/span><\/span><\/strong><span style=\"vertical-align: inherit;\"><span style=\"vertical-align: inherit;\"> . <\/span><span style=\"vertical-align: inherit;\">Wir z&#252;chten Dalmatiner mit einer harmonischen Gesamterscheinung als <\/span><\/span><strong><span style=\"vertical-align: inherit;\"><span style=\"vertical-align: inherit;\">Familienhund<\/span><\/span><\/strong><span style=\"vertical-align: inherit;\"><span style=\"vertical-align: inherit;\"> . <\/span><span style=\"vertical-align: inherit;\">Das Allerwichtigste f&#252;r uns sind dabei ein, freundliches und liebevolles \u2013 nicht aggressives Wesen. <\/span><span style=\"vertical-align: inherit;\">Unsere Hunde leben bei uns im Haus &#8211; F&#228;ustlinge in &#8220;ihrem Rudel&#8221;. <\/span><\/span><strong><span style=\"vertical-align: inherit;\"><span style=\"vertical-align: inherit;\">Zwingerhaltung gibt es nicht! <\/span><\/span><\/strong><span style=\"vertical-align: inherit;\"><span style=\"vertical-align: inherit;\">Das WIRD auch unseren Welpenk&#228;ufern auferlegt.<\/span><\/span><\/p>\n<p><span style=\"vertical-align: inherit;\"><span style=\"vertical-align: inherit;\">Wenn Sie interessiert sind, dann besuchen Sie doch einmal unsere Homepage: <\/span><\/span><a href=\"http:\/\/www.dalmatiner-sachsen-anhalt.de\/\" target=\"_blank\" rel=\"noopener noreferrer\"><span style=\"vertical-align: inherit;\"><span style=\"vertical-align: inherit;\">www.dalmatiner-sachsen-anhalt.de<\/span><\/span><\/a><span style=\"vertical-align: inherit;\"><span style=\"vertical-align: inherit;\"> . <\/span><span style=\"vertical-align: inherit;\">Dort erhalten Sie <\/span><\/span><strong><span style=\"vertical-align: inherit;\"><span style=\"vertical-align: inherit;\">weitere Informationen<\/span><\/span><\/strong><span style=\"vertical-align: inherit;\"><span style=\"vertical-align: inherit;\"> . <\/span><span style=\"vertical-align: inherit;\">Und in unseren Blogs, die sie bequem von der HP aufrufen k&#246;nnen, gibt es st&#228;ndig <\/span><\/span><strong><span style=\"vertical-align: inherit;\"><span style=\"vertical-align: inherit;\">neue Nachrichten<\/span><\/span><\/strong><span style=\"vertical-align: inherit;\"><span style=\"vertical-align: inherit;\"> , Bilder und Videos von unserer Zuchtst&#228;tte, und nat&#252;rlich zum <\/span><\/span><strong><span style=\"vertical-align: inherit;\"><span style=\"vertical-align: inherit;\">aktuellen Wurfgeschehen<\/span><\/span><\/strong><span style=\"vertical-align: inherit;\"><span style=\"vertical-align: inherit;\"> .<\/span><\/span><\/p>\n<p><span style=\"vertical-align: inherit;\"><span style=\"vertical-align: inherit;\">Andrea und Axel<\/span><\/span><\/p>\n<p><span style=\"vertical-align: inherit;\"><span style=\"vertical-align: inherit;\">Telefon: +49 (0) 3921 98 94 22 &#8211; Bitte rufen Sie nach 16:00 Uhr an. <\/span><\/span><br \/>\n<span style=\"vertical-align: inherit;\"><span style=\"vertical-align: inherit;\">Mail: andrea-und-axel@dalmatiner-sachsen-anhalt.de<\/span><\/span><\/p>\n<p style=\"text-align: center;\"><a href=\"http:\/\/www.dalmatineronline.de\/\" target=\"_blank\" rel=\"noopener noreferrer\"><img data-attachment-id=\"224\" data-permalink=\"https:\/\/www.dalmatiner-sachsen-anhalt.de\/blog\/uber-uns\/blogodvdgif\/\" data-orig-file=\"https:\/\/i0.wp.com\/www.dalmatiner-sachsen-anhalt.de\/blog\/wp-content\/uploads\/2009\/02\/blogodvdgif.jpg?fit=80%2C83&amp;ssl=1\" data-orig-size=\"80,83\" data-comments-opened=\"1\" data-image-meta=\"{&quot;aperture&quot;:&quot;0&quot;,&quot;credit&quot;:&quot;&quot;,&quot;camera&quot;:&quot;&quot;,&quot;caption&quot;:&quot;&quot;,&quot;created_timestamp&quot;:&quot;0&quot;,&quot;copyright&quot;:&quot;&quot;,&quot;focal_length&quot;:&quot;0&quot;,&quot;iso&quot;:&quot;0&quot;,&quot;shutter_speed&quot;:&quot;0&quot;,&quot;title&quot;:&quot;&quot;}\" data-image-title=\"blogodvdgif\" data-image-description=\"\" data-image-caption=\"\" data-medium-file=\"https:\/\/i0.wp.com\/www.dalmatiner-sachsen-anhalt.de\/blog\/wp-content\/uploads\/2009\/02\/blogodvdgif.jpg?fit=80%2C83&amp;ssl=1\" data-large-file=\"https:\/\/i0.wp.com\/www.dalmatiner-sachsen-anhalt.de\/blog\/wp-content\/uploads\/2009\/02\/blogodvdgif.jpg?fit=80%2C83&amp;ssl=1\" decoding=\"async\" loading=\"lazy\" class=\"aligncenter size-full wp-image-224\" title=\"Dalmatiner Verein Deutschland\" src=\"https:\/\/i0.wp.com\/www.dalmatiner-sachsen-anhalt.de\/blog\/wp-content\/uploads\/2009\/02\/blogodvdgif.jpg?resize=80%2C83&#038;ssl=1\" alt=\"blogodvdgif\" width=\"80\" height=\"83\" data-recalc-dims=\"1\" \/><\/a><\/p>\n","protected":false},"excerpt":{"rendered":"<p>Herzlich Willkommen! Sind Sie auf\u00a0 Dalmatiner-Suche ? Kennen Sie den Film \u201e 101 Dalmatiner \u201c? Wir besitzen seit 1995 diese sch&#246;nen und au&#223;ergew&#246;hnlichen Hunde . Schon immer war der Dalmatiner mit seinem freundlichen Wesen und seiner eleganten Erscheinung unser Lieblingshund &hellip; <a href=\"https:\/\/www.dalmatiner-sachsen-anhalt.de\/blog\/uber-uns\/\">Continue reading <span class=\"meta-nav\">&rarr;<\/span><\/a><\/p>\n","protected":false},"author":1,"featured_media":0,"parent":0,"menu_order":0,"comment_status":"closed","ping_status":"open","template":"showcase.php","meta":{"jetpack_post_was_ever_published":false},"jetpack_shortlink":"https:\/\/wp.me\/Px1eF-8","jetpack_sharing_enabled":true,"jetpack_likes_enabled":true,"jetpack-related-posts":[{"id":5954,"url":"https:\/\/www.dalmatiner-sachsen-anhalt.de\/blog\/der-dalmatiner\/ein-welpe-zieht-ein-tipps\/","url_meta":{"origin":8,"position":0},"title":"Ein Welpe zieht ein &#8211; Tipps&#8230;","date":"9. Januar 2014","format":false,"excerpt":"\u00a0 Hier ein paar humorvolle Tipps f\u00fcr \u00dcbungen zur Vorbereitung auf einen Welpen: Gie\u00dfen Sie kalten Apfelsaft in verschiedenen Abst\u00e4nden auf den Fu\u00dfboden Ihres Hauses, und laufen Sie dann barfuss im Dunkeln. Tragen Sie Socken deren Spitzen mit einer stumpfen Schere zerraspelt sind. Laufen Sie t\u00e4glich sofort nach dem Aufwachen\u2026","rel":"","context":"Similar post","img":{"alt_text":"","src":"","width":0,"height":0},"classes":[]},{"id":6671,"url":"https:\/\/www.dalmatiner-sachsen-anhalt.de\/blog\/uber-uns\/datenschutz\/","url_meta":{"origin":8,"position":1},"title":"Datenschutz","date":"3. November 2016","format":false,"excerpt":"\u00a0 Datenschutz Die Nutzung unserer Webseite ist in der Regel ohne Angabe personenbezogener Daten m\u00f6glich. Soweit auf unseren Seiten personenbezogene Daten (beispielsweise Name, Anschrift oder eMail-Adressen) erhoben werden, erfolgt dies, soweit m\u00f6glich, stets auf freiwilliger Basis. Diese Daten werden ohne Ihre ausdr\u00fcckliche Zustimmung nicht an Dritte weitergegeben. Wir weisen darauf\u2026","rel":"","context":"Similar post","img":{"alt_text":"","src":"","width":0,"height":0},"classes":[]},{"id":4180,"url":"https:\/\/www.dalmatiner-sachsen-anhalt.de\/blog\/der-dalmatiner\/gesundheit-luanua\/","url_meta":{"origin":8,"position":2},"title":"Gesundheit","date":"6. Juni 2012","format":false,"excerpt":"\u00a0 Wer sich f\u00fcr den Dalmatiner interressiert, muss wissen, da\u00df diese\u00a0Rasse einige Besonderheiten aufweist. Auf die Wichtigste soll hier kurz eingegangen werden. \u00a0 Harns\u00e4ure: Die Entstehung eines so untypisch gezeichneten Hundes hat eine Genmutation hervorgerufen, so da\u00df der Dalmatiner als einzige Rasse sehr viel Harns\u00e4ure bildet und somit in der\u2026","rel":"","context":"Similar post","img":{"alt_text":"BackcrossProject - Normaler Harns\u00e4urespiegel beim Dalmatiner, FAQ, Z\u00fcchter, Vererbung...","src":"https:\/\/i0.wp.com\/www.dalmatiner-sachsen-anhalt.de\/blog\/wp-content\/uploads\/2012\/06\/nua-header2.jpg?fit=900%2C200&ssl=1&resize=350%2C200","width":350,"height":200},"classes":[]},{"id":5971,"url":"https:\/\/www.dalmatiner-sachsen-anhalt.de\/blog\/trachtigkeitskalender\/","url_meta":{"origin":8,"position":3},"title":"Tr&#228;chtigkeitskalender","date":"14. Januar 2014","format":false,"excerpt":"Tr\u00e4chtigkeitskalender \u00a0 1. Woche F\u00fcr den Fall, dass Ihre H\u00fcndin Medikamente nehmen muss, gehen Sie bitte zum Tierarzt und besprechen Sie die Medikamentenvergabe bevor Sie dem Tier ein Medikament verabreichen. Die H\u00fcndin sollte normal gef\u00fcttert und normal bewegt werden. Bitte keine Insektizide benutzen oder Impfungen mit lebend Stoffen verabreichen. Erster\u2026","rel":"","context":"Similar post","img":{"alt_text":"","src":"","width":0,"height":0},"classes":[]},{"id":962,"url":"https:\/\/www.dalmatiner-sachsen-anhalt.de\/blog\/der-dalmatiner\/welpenkaeuferinfo\/","url_meta":{"origin":8,"position":4},"title":"Welpenk&#228;uferInfo","date":"22. Juli 2009","format":false,"excerpt":"\u00a0 Liebe Dalmatiner-Interessenten und Welpenk\u00e4ufer, die Anschaffung eines Tieres sollte nicht \u00fcbereilt erfolgen. Wir halten es f\u00fcr wichtig, sich vorher gr\u00fcndlich zu informieren, alles gut zu durchdenken, und danach zu entscheiden. Schlie\u00dflich werden unsere sch\u00f6nen und geliebten Dalmatiner 12 bis 14 Jahre alt. Und diese Zeit wollen unsere Hunde freudig,\u2026","rel":"","context":"In &quot;A-Wurf&quot;","img":{"alt_text":"","src":"https:\/\/i0.wp.com\/www.dalmatiner-sachsen-anhalt.de\/blog\/wp-content\/uploads\/2014\/01\/wuehltischwelpen-2-300x300.png?resize=350%2C200","width":350,"height":200},"classes":[]},{"id":238,"url":"https:\/\/www.dalmatiner-sachsen-anhalt.de\/blog\/gaestebuch\/","url_meta":{"origin":8,"position":5},"title":"G&#228;stebuch","date":"27. Mai 2009","format":false,"excerpt":"Hier k\u00f6nnen Sie einen Pf\u00f6tchenabdruck in unserem G\u00e4stebuch hintelassen.","rel":"","context":"In &quot;Allgemein&quot;","img":{"alt_text":"","src":"","width":0,"height":0},"classes":[]}],"_links":{"self":[{"href":"https:\/\/www.dalmatiner-sachsen-anhalt.de\/blog\/wp-json\/wp\/v2\/pages\/8"}],"collection":[{"href":"https:\/\/www.dalmatiner-sachsen-anhalt.de\/blog\/wp-json\/wp\/v2\/pages"}],"about":[{"href":"https:\/\/www.dalmatiner-sachsen-anhalt.de\/blog\/wp-json\/wp\/v2\/types\/page"}],"author":[{"embeddable":true,"href":"https:\/\/www.dalmatiner-sachsen-anhalt.de\/blog\/wp-json\/wp\/v2\/users\/1"}],"replies":[{"embeddable":true,"href":"https:\/\/www.dalmatiner-sachsen-anhalt.de\/blog\/wp-json\/wp\/v2\/comments?post=8"}],"version-history":[{"count":92,"href":"https:\/\/www.dalmatiner-sachsen-anhalt.de\/blog\/wp-json\/wp\/v2\/pages\/8\/revisions"}],"predecessor-version":[{"id":8002,"href":"https:\/\/www.dalmatiner-sachsen-anhalt.de\/blog\/wp-json\/wp\/v2\/pages\/8\/revisions\/8002"}],"wp:attachment":[{"href":"https:\/\/www.dalmatiner-sachsen-anhalt.de\/blog\/wp-json\/wp\/v2\/media?parent=8"}],"curies":[{"name":"wp","href":"https:\/\/api.w.org\/{rel}","templated":true}]}}