{"id":8627,"date":"2025-07-21T13:37:28","date_gmt":"2025-07-21T11:37:28","guid":{"rendered":"https:\/\/www.dalmatiner-sachsen-anhalt.de\/blog\/?page_id=8627"},"modified":"2025-07-21T13:39:25","modified_gmt":"2025-07-21T11:39:25","slug":"zuechter-sein","status":"publish","type":"page","link":"https:\/\/www.dalmatiner-sachsen-anhalt.de\/blog\/der-dalmatiner\/zuechter-sein\/","title":{"rendered":"Z&#252;chter sein?"},"content":{"rendered":"\n<p>Z&#252;chter zu sein?<\/p>\n\n\n\n<p>Z&#252;chter zu sein bedeutet nicht nur s&#252;&#223;e Welpenfotos und Stolz auf sch&#246;ne Hunde.<\/p>\n\n\n\n<p>Es ist auch ein riesiges Meer an Verzicht \u2013 still und f&#252;r Au&#223;enstehende oft unsichtbar.<\/p>\n\n\n\n<p><img decoding=\"async\" loading=\"lazy\" width=\"16\" height=\"16\" src=\"\" alt=\"\ud83d\udd70\ufe0f\"\/>Zeit? \u201eFrei\u201c gibt es nicht.<\/p>\n\n\n\n<p>Wochenenden, Ausfl&#252;ge, Urlaub \u2013 vergiss es. Selbst ein paar Stunden weg sind Luxus.<\/p>\n\n\n\n<p>Du gehst nicht ins Kino, wenn Neugeborene in der Wurfkiste liegen.<\/p>\n\n\n\n<p>Du schl&#228;fst nicht ruhig, wenn eine tr&#228;chtige H&#252;ndin unruhig ist.<\/p>\n\n\n\n<p>Du verl&#228;sst den Brutkasten nicht, wenn ein Welpe ums &#220;berleben k&#228;mpft.<\/p>\n\n\n\n<p>Zucht kennt keine Pause \u2013 hier z&#228;hlt jede Minute.<\/p>\n\n\n\n<p><img decoding=\"async\" loading=\"lazy\" width=\"16\" height=\"16\" src=\"\" alt=\"\ud83d\udcb8\"\/>Geld? Eine nie endende Investition.<\/p>\n\n\n\n<p><img decoding=\"async\" loading=\"lazy\" width=\"16\" height=\"16\" src=\"\" alt=\"\ud83d\udcb0\"\/>Gute Hunde haben ihren Preis \u2013 und der ist hoch.<\/p>\n\n\n\n<p><img decoding=\"async\" loading=\"lazy\" width=\"16\" height=\"16\" src=\"\" alt=\"\ud83d\udcb0\"\/>Gesundheitstests, Gentests, Ausstellungen, Reisen, Futter, Nahrungserg&#228;nzung, Kaiserschnitt, Medikamente, Zubeh&#246;r \u2013 das alles kostet Tausende.<\/p>\n\n\n\n<p><img decoding=\"async\" loading=\"lazy\" width=\"16\" height=\"16\" src=\"\" alt=\"\ud83d\udcb0\"\/>Einkommen? Manchmal ist keines da. Manchmal bleibt nur ein leeres Konto \u2013 oder sogar Schulden.<\/p>\n\n\n\n<p><img decoding=\"async\" loading=\"lazy\" width=\"16\" height=\"16\" src=\"\" alt=\"\ud83d\udc94\"\/>Emotionen? Man lernt Geduld. Und man lernt, Schmerz auszuhalten.<\/p>\n\n\n\n<p><img decoding=\"async\" loading=\"lazy\" width=\"16\" height=\"16\" src=\"\" alt=\"\u27a1\ufe0f\"\/>Wenn ein Welpe in deinen H&#228;nden stirbt \u2013 und du nichts mehr tun kannst.<\/p>\n\n\n\n<p><img decoding=\"async\" loading=\"lazy\" width=\"16\" height=\"16\" src=\"\" alt=\"\u27a1\ufe0f\"\/>Wenn trotz aller M&#252;hen eine H&#252;ndin ihre Welpen nicht austr&#228;gt.<\/p>\n\n\n\n<p><img decoding=\"async\" loading=\"lazy\" width=\"16\" height=\"16\" src=\"\" alt=\"\u27a1\ufe0f\"\/>Wenn du jemandem absagen musst, der \u201edoch nur einen Hund\u201c will \u2013 weil du sp&#252;rst, dass es kein gutes Zuhause w&#228;re.<\/p>\n\n\n\n<p><img decoding=\"async\" loading=\"lazy\" width=\"16\" height=\"16\" src=\"\" alt=\"\u27a1\ufe0f\"\/>Wenn du alles gibst \u2013 und daf&#252;r Ablehnung, Neid oder Verleumdung erntest.<\/p>\n\n\n\n<p><img decoding=\"async\" loading=\"lazy\" width=\"16\" height=\"16\" src=\"\" alt=\"\ud83d\udc69\"\/><img decoding=\"async\" loading=\"lazy\" width=\"16\" height=\"16\" src=\"\" alt=\"\u2695\ufe0f\"\/>Routine? Gibt es nicht. Du bist nicht nur Z&#252;chter, du bist auch:<\/p>\n\n\n\n<p><img decoding=\"async\" loading=\"lazy\" width=\"16\" height=\"16\" src=\"\" alt=\"\ud83e\ude7a\"\/>Krankenschwester<\/p>\n\n\n\n<p><img decoding=\"async\" loading=\"lazy\" width=\"16\" height=\"16\" src=\"\" alt=\"\ud83c\udf7c\"\/>Pflegemama<\/p>\n\n\n\n<p><img decoding=\"async\" loading=\"lazy\" width=\"16\" height=\"16\" src=\"\" alt=\"\ud83d\udcd6\"\/>Genetik-Nerd<\/p>\n\n\n\n<p><img decoding=\"async\" loading=\"lazy\" width=\"16\" height=\"16\" src=\"\" alt=\"\ud83d\udce6\"\/>Logistiker<\/p>\n\n\n\n<p><img decoding=\"async\" loading=\"lazy\" width=\"16\" height=\"16\" src=\"\" alt=\"\ud83d\udcf7\"\/>Fotograf<\/p>\n\n\n\n<p><img decoding=\"async\" loading=\"lazy\" width=\"16\" height=\"16\" src=\"\" alt=\"\ud83e\uddf9\"\/>Reinigungskraft<\/p>\n\n\n\n<p><img decoding=\"async\" loading=\"lazy\" width=\"16\" height=\"16\" src=\"\" alt=\"\ud83e\udde0\"\/>Psychologe<\/p>\n\n\n\n<p><img decoding=\"async\" loading=\"lazy\" width=\"16\" height=\"16\" src=\"\" alt=\"\ud83d\udcac\"\/>Ansprechpartner \u2013 oft &#252;ber Jahre hinweg<\/p>\n\n\n\n<p><img decoding=\"async\" loading=\"lazy\" width=\"16\" height=\"16\" src=\"\" alt=\"\ud83d\udc68\u200d\ud83d\udc69\u200d\ud83d\udc67\u200d\ud83d\udc66\"\/>Familie &amp; Freunde? Das wird manchmal schwierig.<\/p>\n\n\n\n<p>\u2013 \u201eWir k&#246;nnen uns nicht treffen, meine H&#252;ndin bekommt gerade ihre Welpen.\u201c<\/p>\n\n\n\n<p>\u2013 \u201eIch komme nicht \u2013 die Kleinen haben Durchfall, ich muss bei ihnen bleiben.\u201c<\/p>\n\n\n\n<p>\u2013 \u201eNein, ich gebe sie nicht ab \u2013 das ist meine Verantwortung.\u201c<\/p>\n\n\n\n<p>Nicht jeder versteht das. Und nicht jeder bleibt.<\/p>\n\n\n\n<p><img decoding=\"async\" loading=\"lazy\" width=\"16\" height=\"16\" src=\"\" alt=\"\u2764\ufe0f\"\/>Aber trotz allem \u2013 bleibt die Liebe.<\/p>\n\n\n\n<p>Die Liebe zu den Tieren, zu ihrem Leben, zu ihrer Entwicklung.<\/p>\n\n\n\n<p>Die Liebe, die dich zehnmal in der Nacht aufstehen l&#228;sst.<\/p>\n\n\n\n<p>Die Liebe, die dich daran hindert, Abk&#252;rzungen zu nehmen.<\/p>\n\n\n\n<p>Die Liebe, die dich ersch&#246;pft, aber gleichzeitig gl&#252;cklich macht \u2013 wenn du siehst, wie gesund deine Kleinen aufwachsen.<\/p>\n\n\n\n<p><img decoding=\"async\" loading=\"lazy\" width=\"16\" height=\"16\" src=\"\" alt=\"\ud83d\udc36\"\/>Ein Z&#252;chter ist kein \u201eWelpenverk&#228;ufer\u201c.<\/p>\n\n\n\n<p>Ein Z&#252;chter ist jemand, der seinen eigenen Komfort dem Wohl der Tiere unterordnet.<\/p>\n\n\n\n<p>Der Liebe nicht in Geld aufrechnet.<\/p>\n\n\n\n<p>Der zwischen Gl&#252;ck und Schmerz lebt \u2013 und trotzdem mit keinem anderen Leben tauschen w&#252;rde.<\/p>\n\n\n\n<p><img decoding=\"async\" loading=\"lazy\" width=\"16\" height=\"16\" src=\"\" alt=\"\u2764\ufe0f\"\/>Respektiere leidenschaftliche Z&#252;chter. Sie geben jeden Tag alles \u2013 auch wenn es kaum jemand sieht. <img decoding=\"async\" loading=\"lazy\" width=\"16\" height=\"16\" src=\"\" alt=\"\u2764\ufe0f\"\/><\/p>\n\n\n\n<p>P.S.: Du darfst diesen Text gern teilen. Lass ihn hinaus in die Welt \u2013 denn Zucht bedeutet so viel mehr als nur s&#252;&#223;e Welpen<\/p>\n\n\n\n<figure class=\"wp-block-embed\"><div class=\"wp-block-embed__wrapper\">\nhttps:\/\/www.facebook.com\/share\/p\/1CJzg33vXW\/\n<\/div><\/figure>\n","protected":false},"excerpt":{"rendered":"<p>Z&#252;chter zu sein? Z&#252;chter zu sein bedeutet nicht nur s&#252;&#223;e Welpenfotos und Stolz auf sch&#246;ne Hunde. Es ist auch ein riesiges Meer an Verzicht \u2013 still und f&#252;r Au&#223;enstehende oft unsichtbar. Zeit? \u201eFrei\u201c gibt es nicht. Wochenenden, Ausfl&#252;ge, Urlaub \u2013 &hellip; <a href=\"https:\/\/www.dalmatiner-sachsen-anhalt.de\/blog\/der-dalmatiner\/zuechter-sein\/\">Continue reading <span class=\"meta-nav\">&rarr;<\/span><\/a><\/p>\n","protected":false},"author":1,"featured_media":0,"parent":5820,"menu_order":0,"comment_status":"closed","ping_status":"closed","template":"","meta":{"jetpack_post_was_ever_published":false},"jetpack_shortlink":"https:\/\/wp.me\/Px1eF-2f9","jetpack_sharing_enabled":true,"jetpack_likes_enabled":true,"jetpack-related-posts":[{"id":4180,"url":"https:\/\/www.dalmatiner-sachsen-anhalt.de\/blog\/der-dalmatiner\/gesundheit-luanua\/","url_meta":{"origin":8627,"position":0},"title":"Gesundheit","date":"6. Juni 2012","format":false,"excerpt":"\u00a0 Wer sich f\u00fcr den Dalmatiner interressiert, muss wissen, da\u00df diese\u00a0Rasse einige Besonderheiten aufweist. Auf die Wichtigste soll hier kurz eingegangen werden. \u00a0 Harns\u00e4ure: Die Entstehung eines so untypisch gezeichneten Hundes hat eine Genmutation hervorgerufen, so da\u00df der Dalmatiner als einzige Rasse sehr viel Harns\u00e4ure bildet und somit in der\u2026","rel":"","context":"Similar post","img":{"alt_text":"BackcrossProject - Normaler Harns\u00e4urespiegel beim Dalmatiner, FAQ, Z\u00fcchter, Vererbung...","src":"https:\/\/i0.wp.com\/www.dalmatiner-sachsen-anhalt.de\/blog\/wp-content\/uploads\/2012\/06\/nua-header2.jpg?fit=900%2C200&ssl=1&resize=350%2C200","width":350,"height":200},"classes":[]},{"id":8,"url":"https:\/\/www.dalmatiner-sachsen-anhalt.de\/blog\/uber-uns\/","url_meta":{"origin":8627,"position":1},"title":"&#220;ber uns","date":"27. Februar 2009","format":false,"excerpt":"Herzlich Willkommen! Sind Sie auf\u00a0 Dalmatiner-Suche ? Kennen Sie den Film \u201e 101 Dalmatiner \u201c? Wir besitzen seit 1995 diese sch\u00f6nen und au\u00dfergew\u00f6hnlichen Hunde . Schon immer war der Dalmatiner mit seinem freundlichen Wesen und seiner eleganten Erscheinung unser Lieblingshund . Nachdem unsere Kinder nun schon \u00e4lter sind, haben wir\u2026","rel":"","context":"In &quot;Allgemein&quot;","img":{"alt_text":"","src":"https:\/\/i0.wp.com\/www.dalmatiner-sachsen-anhalt.de\/blog\/wp-content\/uploads\/2009\/02\/IMG_0352-1024x683.jpg?resize=350%2C200","width":350,"height":200},"classes":[]},{"id":962,"url":"https:\/\/www.dalmatiner-sachsen-anhalt.de\/blog\/der-dalmatiner\/welpenkaeuferinfo\/","url_meta":{"origin":8627,"position":2},"title":"Welpenk&#228;uferInfo","date":"22. Juli 2009","format":false,"excerpt":"\u00a0 Liebe Dalmatiner-Interessenten und Welpenk\u00e4ufer, die Anschaffung eines Tieres sollte nicht \u00fcbereilt erfolgen. Wir halten es f\u00fcr wichtig, sich vorher gr\u00fcndlich zu informieren, alles gut zu durchdenken, und danach zu entscheiden. Schlie\u00dflich werden unsere sch\u00f6nen und geliebten Dalmatiner 12 bis 14 Jahre alt. Und diese Zeit wollen unsere Hunde freudig,\u2026","rel":"","context":"In &quot;A-Wurf&quot;","img":{"alt_text":"","src":"https:\/\/i0.wp.com\/www.dalmatiner-sachsen-anhalt.de\/blog\/wp-content\/uploads\/2014\/01\/wuehltischwelpen-2-300x300.png?resize=350%2C200","width":350,"height":200},"classes":[]},{"id":5971,"url":"https:\/\/www.dalmatiner-sachsen-anhalt.de\/blog\/trachtigkeitskalender\/","url_meta":{"origin":8627,"position":3},"title":"Tr&#228;chtigkeitskalender","date":"14. Januar 2014","format":false,"excerpt":"Tr\u00e4chtigkeitskalender \u00a0 1. Woche F\u00fcr den Fall, dass Ihre H\u00fcndin Medikamente nehmen muss, gehen Sie bitte zum Tierarzt und besprechen Sie die Medikamentenvergabe bevor Sie dem Tier ein Medikament verabreichen. Die H\u00fcndin sollte normal gef\u00fcttert und normal bewegt werden. Bitte keine Insektizide benutzen oder Impfungen mit lebend Stoffen verabreichen. Erster\u2026","rel":"","context":"Similar post","img":{"alt_text":"","src":"","width":0,"height":0},"classes":[]},{"id":5954,"url":"https:\/\/www.dalmatiner-sachsen-anhalt.de\/blog\/der-dalmatiner\/ein-welpe-zieht-ein-tipps\/","url_meta":{"origin":8627,"position":4},"title":"Ein Welpe zieht ein &#8211; Tipps&#8230;","date":"9. Januar 2014","format":false,"excerpt":"\u00a0 Hier ein paar humorvolle Tipps f\u00fcr \u00dcbungen zur Vorbereitung auf einen Welpen: Gie\u00dfen Sie kalten Apfelsaft in verschiedenen Abst\u00e4nden auf den Fu\u00dfboden Ihres Hauses, und laufen Sie dann barfuss im Dunkeln. Tragen Sie Socken deren Spitzen mit einer stumpfen Schere zerraspelt sind. Laufen Sie t\u00e4glich sofort nach dem Aufwachen\u2026","rel":"","context":"Similar post","img":{"alt_text":"","src":"","width":0,"height":0},"classes":[]},{"id":6671,"url":"https:\/\/www.dalmatiner-sachsen-anhalt.de\/blog\/uber-uns\/datenschutz\/","url_meta":{"origin":8627,"position":5},"title":"Datenschutz","date":"3. November 2016","format":false,"excerpt":"\u00a0 Datenschutz Die Nutzung unserer Webseite ist in der Regel ohne Angabe personenbezogener Daten m\u00f6glich. Soweit auf unseren Seiten personenbezogene Daten (beispielsweise Name, Anschrift oder eMail-Adressen) erhoben werden, erfolgt dies, soweit m\u00f6glich, stets auf freiwilliger Basis. Diese Daten werden ohne Ihre ausdr\u00fcckliche Zustimmung nicht an Dritte weitergegeben. Wir weisen darauf\u2026","rel":"","context":"Similar post","img":{"alt_text":"","src":"","width":0,"height":0},"classes":[]}],"_links":{"self":[{"href":"https:\/\/www.dalmatiner-sachsen-anhalt.de\/blog\/wp-json\/wp\/v2\/pages\/8627"}],"collection":[{"href":"https:\/\/www.dalmatiner-sachsen-anhalt.de\/blog\/wp-json\/wp\/v2\/pages"}],"about":[{"href":"https:\/\/www.dalmatiner-sachsen-anhalt.de\/blog\/wp-json\/wp\/v2\/types\/page"}],"author":[{"embeddable":true,"href":"https:\/\/www.dalmatiner-sachsen-anhalt.de\/blog\/wp-json\/wp\/v2\/users\/1"}],"replies":[{"embeddable":true,"href":"https:\/\/www.dalmatiner-sachsen-anhalt.de\/blog\/wp-json\/wp\/v2\/comments?post=8627"}],"version-history":[{"count":1,"href":"https:\/\/www.dalmatiner-sachsen-anhalt.de\/blog\/wp-json\/wp\/v2\/pages\/8627\/revisions"}],"predecessor-version":[{"id":8628,"href":"https:\/\/www.dalmatiner-sachsen-anhalt.de\/blog\/wp-json\/wp\/v2\/pages\/8627\/revisions\/8628"}],"up":[{"embeddable":true,"href":"https:\/\/www.dalmatiner-sachsen-anhalt.de\/blog\/wp-json\/wp\/v2\/pages\/5820"}],"wp:attachment":[{"href":"https:\/\/www.dalmatiner-sachsen-anhalt.de\/blog\/wp-json\/wp\/v2\/media?parent=8627"}],"curies":[{"name":"wp","href":"https:\/\/api.w.org\/{rel}","templated":true}]}}