{"id":895,"date":"2009-07-16T22:40:48","date_gmt":"2009-07-16T20:40:48","guid":{"rendered":"http:\/\/www.dalmatiner-sachsen-anhalt.de\/blog\/?page_id=895"},"modified":"2025-07-13T14:31:46","modified_gmt":"2025-07-13T12:31:46","slug":"werbung-2","status":"publish","type":"page","link":"https:\/\/www.dalmatiner-sachsen-anhalt.de\/blog\/uber-uns\/werbung-2\/","title":{"rendered":"Werbung"},"content":{"rendered":"<p><a title=\"LUA\/NUA Dalmatiner in Deutschland, Backcross Project - Normaler Harns&#228;urespiegel beim Dalmatiner, FAQ, Z&#252;chter, Vererbung... \" href=\"http:\/\/www.lua-dalmatiner.de\/\" target=\"_blank\" rel=\"noopener noreferrer\"><img decoding=\"async\" loading=\"lazy\" class=\"alignnone\" style=\"border: 0pt none;\" src=\"https:\/\/i0.wp.com\/www.dalmatiner-sachsen-anhalt.de\/blog\/wp-content\/uploads\/2012\/06\/nua-header2.jpg?resize=584%2C130&#038;ssl=1\" alt=\"\" width=\"584\" height=\"130\" border=\"0\" data-recalc-dims=\"1\" \/><\/a><\/p>\n<p style=\"text-align: center;\">\n<p style=\"text-align: center;\">\n<p style=\"text-align: center;\">\n","protected":false},"excerpt":{"rendered":"","protected":false},"author":1,"featured_media":0,"parent":8,"menu_order":3,"comment_status":"open","ping_status":"open","template":"","meta":{"jetpack_post_was_ever_published":false},"jetpack_shortlink":"https:\/\/wp.me\/Px1eF-er","jetpack_sharing_enabled":true,"jetpack_likes_enabled":true,"jetpack-related-posts":[{"id":65,"url":"https:\/\/www.dalmatiner-sachsen-anhalt.de\/blog\/impressum\/","url_meta":{"origin":895,"position":0},"title":"Galerie","date":"14. Mai 2009","format":false,"excerpt":"C- Wurf: Ab 6. Woche (27.03.2013) Nach drau\u00dfen umgezogen C- Wurf: Ab Tag 1 (22.01.2013) Bilder aus der Wurfkiste Winterimpressionen 2010 Antonia & Athene A-Wurf: Ab Tag 57 Ab 9. Woche ( 04.08.09) A-Wurf: Tag 29 bis 56 Die 5. bis 8. Woche ( 07.07.09 bis 03.08.09) A-Wurf: Tag 1\u2026","rel":"","context":"In &quot;Allgemein&quot;","img":{"alt_text":"","src":"","width":0,"height":0},"classes":[]},{"id":351,"url":"https:\/\/www.dalmatiner-sachsen-anhalt.de\/blog\/welpentube\/","url_meta":{"origin":895,"position":1},"title":"WelpenTube","date":"1. Juni 2009","format":false,"excerpt":"Playlist (E-Wurf) unserer \u201cWelpen aus Schermen\u201d Playlist (D-Wurf) unserer \u201cWelpen aus Schermen\u201d Playlist (C-Wurf) unserer \u201cWelpen aus Schermen\u201d https:\/\/www.youtube.com\/watch?v=vydJ8buBkxU&list=PLEI-I164aUBsQLMYuYV9oNTftZfYkhA-d Playlist (B-Wurf) unserer \"Welpen aus Schermen\" https:\/\/www.youtube.com\/watch?v=LF9Qekh3daw&list=PL938499E0F1815531 Playlist unserer \"Dalmatiner von den Sandst\u00fccken\" (Auf dieser Seite gibt es auch noch Videos der Welpen des A-Wurfes und der Hunde, die st\u00e4ndig bei\u2026","rel":"","context":"In &quot;Allgemein&quot;","img":{"alt_text":"","src":"https:\/\/i0.wp.com\/img.youtube.com\/vi\/PLEI-I164aUBsQLMYuYV9oNTftZfYkhA-d\/0.jpg?resize=350%2C200","width":350,"height":200},"classes":[]},{"id":1537,"url":"https:\/\/www.dalmatiner-sachsen-anhalt.de\/blog\/impressum\/shootings\/","url_meta":{"origin":895,"position":2},"title":"Shootings","date":"17. November 2009","format":false,"excerpt":"Shooting mit der Fotografin Veronika Haas (20.09.2009) Ver\u00f6ffentlichung mit freundlicher Genehmigung von Veronika Haas.","rel":"","context":"In &quot;A-Wurf&quot;","img":{"alt_text":"","src":"https:\/\/i0.wp.com\/www.dalmatiner-sachsen-anhalt.de\/blog\/wp-content\/uploads\/2009\/11\/291-386x271.jpg?resize=350%2C200","width":350,"height":200},"classes":[]},{"id":8,"url":"https:\/\/www.dalmatiner-sachsen-anhalt.de\/blog\/uber-uns\/","url_meta":{"origin":895,"position":3},"title":"&#220;ber uns","date":"27. Februar 2009","format":false,"excerpt":"Herzlich Willkommen! Sind Sie auf\u00a0 Dalmatiner-Suche ? Kennen Sie den Film \u201e 101 Dalmatiner \u201c? Wir besitzen seit 1995 diese sch\u00f6nen und au\u00dfergew\u00f6hnlichen Hunde . Schon immer war der Dalmatiner mit seinem freundlichen Wesen und seiner eleganten Erscheinung unser Lieblingshund . Nachdem unsere Kinder nun schon \u00e4lter sind, haben wir\u2026","rel":"","context":"In &quot;Allgemein&quot;","img":{"alt_text":"","src":"https:\/\/i0.wp.com\/www.dalmatiner-sachsen-anhalt.de\/blog\/wp-content\/uploads\/2009\/02\/IMG_0352-1024x683.jpg?resize=350%2C200","width":350,"height":200},"classes":[]},{"id":4180,"url":"https:\/\/www.dalmatiner-sachsen-anhalt.de\/blog\/der-dalmatiner\/gesundheit-luanua\/","url_meta":{"origin":895,"position":4},"title":"Gesundheit","date":"6. Juni 2012","format":false,"excerpt":"\u00a0 Wer sich f\u00fcr den Dalmatiner interressiert, muss wissen, da\u00df diese\u00a0Rasse einige Besonderheiten aufweist. Auf die Wichtigste soll hier kurz eingegangen werden. \u00a0 Harns\u00e4ure: Die Entstehung eines so untypisch gezeichneten Hundes hat eine Genmutation hervorgerufen, so da\u00df der Dalmatiner als einzige Rasse sehr viel Harns\u00e4ure bildet und somit in der\u2026","rel":"","context":"Similar post","img":{"alt_text":"BackcrossProject - Normaler Harns\u00e4urespiegel beim Dalmatiner, FAQ, Z\u00fcchter, Vererbung...","src":"https:\/\/i0.wp.com\/www.dalmatiner-sachsen-anhalt.de\/blog\/wp-content\/uploads\/2012\/06\/nua-header2.jpg?fit=900%2C200&ssl=1&resize=350%2C200","width":350,"height":200},"classes":[]},{"id":999,"url":"https:\/\/www.dalmatiner-sachsen-anhalt.de\/blog\/impressum\/stehbilder\/","url_meta":{"origin":895,"position":5},"title":"Stehbilder","date":"27. Juli 2009","format":false,"excerpt":"Hier ver\u00f6ffentlichen wir die Stehbilder der Welpen, aufgenommen am 26.07.2009. Da sind sie gerade 48 Tage alt. AARON - verkauft R\u00fcde, w\/b beidseitig h\u00f6rend Wurftag 08.06.2009 Gewicht: 5500 g AMIGO - verkauft R\u00fcde, w\/s beidseitig h\u00f6rend Wurftag 08.06.2009 Gewicht: 5700 g ARES - verkauft R\u00fcde, w\/b beidseitig h\u00f6rend Wurftag 08.06.2009\u2026","rel":"","context":"In &quot;A-Wurf&quot;","img":{"alt_text":"","src":"https:\/\/i0.wp.com\/www.dalmatiner-sachsen-anhalt.de\/blog\/wp-content\/uploads\/2009\/07\/aaron-tag48_1881-300x200.jpg?resize=350%2C200","width":350,"height":200},"classes":[]}],"_links":{"self":[{"href":"https:\/\/www.dalmatiner-sachsen-anhalt.de\/blog\/wp-json\/wp\/v2\/pages\/895"}],"collection":[{"href":"https:\/\/www.dalmatiner-sachsen-anhalt.de\/blog\/wp-json\/wp\/v2\/pages"}],"about":[{"href":"https:\/\/www.dalmatiner-sachsen-anhalt.de\/blog\/wp-json\/wp\/v2\/types\/page"}],"author":[{"embeddable":true,"href":"https:\/\/www.dalmatiner-sachsen-anhalt.de\/blog\/wp-json\/wp\/v2\/users\/1"}],"replies":[{"embeddable":true,"href":"https:\/\/www.dalmatiner-sachsen-anhalt.de\/blog\/wp-json\/wp\/v2\/comments?post=895"}],"version-history":[{"count":51,"href":"https:\/\/www.dalmatiner-sachsen-anhalt.de\/blog\/wp-json\/wp\/v2\/pages\/895\/revisions"}],"predecessor-version":[{"id":8625,"href":"https:\/\/www.dalmatiner-sachsen-anhalt.de\/blog\/wp-json\/wp\/v2\/pages\/895\/revisions\/8625"}],"up":[{"embeddable":true,"href":"https:\/\/www.dalmatiner-sachsen-anhalt.de\/blog\/wp-json\/wp\/v2\/pages\/8"}],"wp:attachment":[{"href":"https:\/\/www.dalmatiner-sachsen-anhalt.de\/blog\/wp-json\/wp\/v2\/media?parent=895"}],"curies":[{"name":"wp","href":"https:\/\/api.w.org\/{rel}","templated":true}]}}