{"id":962,"date":"2009-07-22T23:47:31","date_gmt":"2009-07-22T21:47:31","guid":{"rendered":"http:\/\/www.dalmatiner-sachsen-anhalt.de\/blog\/?page_id=962"},"modified":"2014-03-17T10:03:25","modified_gmt":"2014-03-17T08:03:25","slug":"welpenkaeuferinfo","status":"publish","type":"page","link":"https:\/\/www.dalmatiner-sachsen-anhalt.de\/blog\/der-dalmatiner\/welpenkaeuferinfo\/","title":{"rendered":"Welpenk&#228;uferInfo"},"content":{"rendered":"<p>&nbsp;<\/p>\n<p>Liebe Dalmatiner-Interessenten und Welpenk&#228;ufer,<br \/>\ndie Anschaffung eines Tieres sollte <strong>nicht &#252;bereilt<\/strong> erfolgen. Wir halten es f&#252;r wichtig, sich vorher gr&#252;ndlich zu informieren, alles gut zu durchdenken, und danach zu entscheiden. Schlie&#223;lich werden unsere sch&#246;nen und geliebten Dalmatiner 12 bis 14 Jahre alt. Und diese Zeit wollen unsere Hunde freudig, treu und wachsam bei ihrem neuen Rudel verbringen. Ihre neue Familie &#8211; ein Hundeleben lang.<\/p>\n<p>Wir wollen Ihnen ein paar Links empfehlen, die wir f&#252;r informativ und empfehlenswert halten.<\/p>\n<ol>\n<li><a style=\"font-style: normal;\" href=\"http:\/\/www.dalmatineronline.de\/Rasse-Info.htm\" target=\"_blank\"><strong>Dalmatiner &#8211; Rassestandard<\/strong><\/a> (Fremdlink)<\/li>\n<li>Informieren Sie sich &#252;ber Besonderheiten dieser Hunderasse: <a style=\"font-style: normal;\" href=\"https:\/\/www.dalmatiner-sachsen-anhalt.de\/blog\/?page_id=4180\"><strong>Gesundheit<\/strong><\/a><\/li>\n<li>Hier gibt es die neuesten Updates zu <a style=\"font-style: normal;\" title=\"http:\/\/www.tierischinformiert.de\/neue-richtlinie-fur-welpenimpfung-auffrischimpfungen-bei-immunen-hunden-unnutz\/\" href=\"http:\/\/www.tierischinformiert.de\/neue-richtlinie-fur-welpenimpfung-auffrischimpfungen-bei-immunen-hunden-unnutz\/\" target=\"_blank\"><strong>Impfungen<\/strong><\/a><\/li>\n<li>Auf &#8220;<strong style=\"color: #000000; font-style: normal;\"><a href=\"http:\/\/www.hallohund.de\/hunde-basics\/erziehung-haltung\/187849\/der-welpe-ist-da-die-ersten-tage-mit-dem-neuen-hund\" target=\"_blank\">hallohund<\/a><\/strong>&#8221; mit Hundeforum\u00a0(Fremdlink) besch&#228;ftigt man sich mit allen Fragen rund um den Hund, hierzu empfehlen wir die Artikel\u00a0 zu Fragen von <strong>Anschaffung<\/strong>, wie man einen <strong>guten Z&#252;chter<\/strong> erkennt, was beim <strong>Welpenkauf<span style=\"color: #000000;\">\u00a0<\/span><\/strong>zu beachten ist, wenn der <strong>Welpe einzieht\u00a0<\/strong>und <b>Informatonen\u00a0<\/b>zu <strong>Ern&#228;hrung, Erziehung <\/strong>und<strong> Haltung<\/strong><strong style=\"color: #000000; font-style: normal;\">\u00a0<\/strong>von Hunden.<\/li>\n<li>Auf <strong>&#8220;Zooplus&#8221;<\/strong> finden Sie im u.a. Link dar&#252;ber hinaus auch Informationen zu Wesen, Verhalten, Aufzucht, Pflege, Gesundheit, Urlaub und Freizeit sowie Rasseportr&#228;ts<span style=\"color: #000000;\"><b>.<\/b><\/span>.<\/li>\n<\/ol>\n<p style=\"text-align: center;\"><a href=\"http:\/\/www.zooplus.de\/magazin\/hund\" target=\"_blank\"><img decoding=\"async\" loading=\"lazy\" class=\"aligncenter\" alt=\"zooplus Button 2\" src=\"http:\/\/partner.zooplus.de\/partner\/material\/zap35034\" width=\"200\" height=\"51\" border=\"0\" \/><\/a><em>Einfach Banner\u00a0(Fremdlink) anklicken und viel Spa&#223;.<\/em><\/p>\n<p><strong>Lesen Sie auch: <a title=\"Ein Welpe zieht ein \u2013 Tipps\u2026\" href=\"https:\/\/www.dalmatiner-sachsen-anhalt.de\/blog\/?page_id=5954\">Ein Welpe zieht ein..<\/a>.<\/strong><\/p>\n<p>Andrea und Axel<\/p>\n<p><a title=\"Keine Wuhltisch-Welpen kaufen...\" href=\"http:\/\/www.wuehltischwelpen.de\/\" target=\"_blank\"><img data-attachment-id=\"5964\" data-permalink=\"https:\/\/www.dalmatiner-sachsen-anhalt.de\/blog\/5963\/wuehltischwelpen-2\/\" data-orig-file=\"https:\/\/i0.wp.com\/www.dalmatiner-sachsen-anhalt.de\/blog\/wp-content\/uploads\/2014\/01\/wuehltischwelpen-2.png?fit=415%2C415&amp;ssl=1\" data-orig-size=\"415,415\" data-comments-opened=\"1\" data-image-meta=\"{&quot;aperture&quot;:&quot;0&quot;,&quot;credit&quot;:&quot;&quot;,&quot;camera&quot;:&quot;&quot;,&quot;caption&quot;:&quot;&quot;,&quot;created_timestamp&quot;:&quot;0&quot;,&quot;copyright&quot;:&quot;&quot;,&quot;focal_length&quot;:&quot;0&quot;,&quot;iso&quot;:&quot;0&quot;,&quot;shutter_speed&quot;:&quot;0&quot;,&quot;title&quot;:&quot;&quot;}\" data-image-title=\"wuehltischwelpen-2\" data-image-description=\"\" data-image-caption=\"\" data-medium-file=\"https:\/\/i0.wp.com\/www.dalmatiner-sachsen-anhalt.de\/blog\/wp-content\/uploads\/2014\/01\/wuehltischwelpen-2.png?fit=300%2C300&amp;ssl=1\" data-large-file=\"https:\/\/i0.wp.com\/www.dalmatiner-sachsen-anhalt.de\/blog\/wp-content\/uploads\/2014\/01\/wuehltischwelpen-2.png?fit=415%2C415&amp;ssl=1\" decoding=\"async\" loading=\"lazy\" class=\"size-medium wp-image-5964 aligncenter\" alt=\"wuehltischwelpen-2\" src=\"https:\/\/i0.wp.com\/www.dalmatiner-sachsen-anhalt.de\/blog\/wp-content\/uploads\/2014\/01\/wuehltischwelpen-2.png?resize=300%2C300&#038;ssl=1\" width=\"300\" height=\"300\" srcset=\"https:\/\/i0.wp.com\/www.dalmatiner-sachsen-anhalt.de\/blog\/wp-content\/uploads\/2014\/01\/wuehltischwelpen-2.png?resize=300%2C300&amp;ssl=1 300w, https:\/\/i0.wp.com\/www.dalmatiner-sachsen-anhalt.de\/blog\/wp-content\/uploads\/2014\/01\/wuehltischwelpen-2.png?resize=150%2C150&amp;ssl=1 150w, https:\/\/i0.wp.com\/www.dalmatiner-sachsen-anhalt.de\/blog\/wp-content\/uploads\/2014\/01\/wuehltischwelpen-2.png?resize=48%2C48&amp;ssl=1 48w, https:\/\/i0.wp.com\/www.dalmatiner-sachsen-anhalt.de\/blog\/wp-content\/uploads\/2014\/01\/wuehltischwelpen-2.png?w=415&amp;ssl=1 415w\" sizes=\"(max-width: 300px) 100vw, 300px\" data-recalc-dims=\"1\" \/><\/a><\/p>\n<p>&nbsp;<\/p>\n<h2 style=\"text-align: center;\">W&#252;hltischwelpen &#8211; nein danke!<\/h2>\n<h3 style=\"text-align: center;\">Initiative warnt vor dem Welpenhandel<\/h3>\n","protected":false},"excerpt":{"rendered":"<p>&nbsp; Liebe Dalmatiner-Interessenten und Welpenk&#228;ufer, die Anschaffung eines Tieres sollte nicht &#252;bereilt erfolgen. Wir halten es f&#252;r wichtig, sich vorher gr&#252;ndlich zu informieren, alles gut zu durchdenken, und danach zu entscheiden. Schlie&#223;lich werden unsere sch&#246;nen und geliebten Dalmatiner 12 bis &hellip; <a href=\"https:\/\/www.dalmatiner-sachsen-anhalt.de\/blog\/der-dalmatiner\/welpenkaeuferinfo\/\">Continue reading <span class=\"meta-nav\">&rarr;<\/span><\/a><\/p>\n","protected":false},"author":1,"featured_media":0,"parent":5820,"menu_order":4,"comment_status":"open","ping_status":"open","template":"","meta":{"jetpack_post_was_ever_published":false},"jetpack_shortlink":"https:\/\/wp.me\/Px1eF-fw","jetpack_sharing_enabled":true,"jetpack_likes_enabled":true,"jetpack-related-posts":[{"id":8,"url":"https:\/\/www.dalmatiner-sachsen-anhalt.de\/blog\/uber-uns\/","url_meta":{"origin":962,"position":0},"title":"&#220;ber uns","date":"27. Februar 2009","format":false,"excerpt":"Herzlich Willkommen! Sind Sie auf\u00a0 Dalmatiner-Suche ? Kennen Sie den Film \u201e 101 Dalmatiner \u201c? Wir besitzen seit 1995 diese sch\u00f6nen und au\u00dfergew\u00f6hnlichen Hunde . Schon immer war der Dalmatiner mit seinem freundlichen Wesen und seiner eleganten Erscheinung unser Lieblingshund . Nachdem unsere Kinder nun schon \u00e4lter sind, haben wir\u2026","rel":"","context":"In &quot;Allgemein&quot;","img":{"alt_text":"","src":"https:\/\/i0.wp.com\/www.dalmatiner-sachsen-anhalt.de\/blog\/wp-content\/uploads\/2009\/02\/IMG_0352-1024x683.jpg?resize=350%2C200","width":350,"height":200},"classes":[]},{"id":4180,"url":"https:\/\/www.dalmatiner-sachsen-anhalt.de\/blog\/der-dalmatiner\/gesundheit-luanua\/","url_meta":{"origin":962,"position":1},"title":"Gesundheit","date":"6. Juni 2012","format":false,"excerpt":"\u00a0 Wer sich f\u00fcr den Dalmatiner interressiert, muss wissen, da\u00df diese\u00a0Rasse einige Besonderheiten aufweist. Auf die Wichtigste soll hier kurz eingegangen werden. \u00a0 Harns\u00e4ure: Die Entstehung eines so untypisch gezeichneten Hundes hat eine Genmutation hervorgerufen, so da\u00df der Dalmatiner als einzige Rasse sehr viel Harns\u00e4ure bildet und somit in der\u2026","rel":"","context":"Similar post","img":{"alt_text":"BackcrossProject - Normaler Harns\u00e4urespiegel beim Dalmatiner, FAQ, Z\u00fcchter, Vererbung...","src":"https:\/\/i0.wp.com\/www.dalmatiner-sachsen-anhalt.de\/blog\/wp-content\/uploads\/2012\/06\/nua-header2.jpg?fit=900%2C200&ssl=1&resize=350%2C200","width":350,"height":200},"classes":[]},{"id":5947,"url":"https:\/\/www.dalmatiner-sachsen-anhalt.de\/blog\/der-dalmatiner\/ernahrung\/","url_meta":{"origin":962,"position":2},"title":"Ern&#228;hrung","date":"9. Januar 2014","format":false,"excerpt":"\u00a0 Unsere Dalmatiner werden gebarft. Demn\u00e4chst mehr dazu an dieser Stelle. Lesen Sie auch unseren Bericht als BARF- Anf\u00e4nger im Jahr 2009 - auf der Seite von Sammys Futtersch\u00fcssel (Fremdlink). Andrea und Axel Erstes Fleisch mit 19 Tagen und Pansenst\u00fccke mit 32 Tagen","rel":"","context":"Similar post","img":{"alt_text":"","src":"","width":0,"height":0},"classes":[]},{"id":5820,"url":"https:\/\/www.dalmatiner-sachsen-anhalt.de\/blog\/der-dalmatiner\/","url_meta":{"origin":962,"position":3},"title":"Der Dalmatiner","date":"3. September 2013","format":false,"excerpt":"Kurzportr\u00e4t der Rasse Dalmatiner Ausf\u00fchrliche Informationen zum Rassehund Dalmatiner gibt es bei Meister Petz TV und in der WIKIPEDIA. Viel Spa\u00df beim Schn\u00fcffeln. Oder sehen Sie hier eine Reportage \u00fcber die Welpen in einer Dalmatinerzuchtst\u00e4tte...sehr interessant und sehenswert. [Quelle: VOX.de hundekatzmaus vom 18.03.2017] \u00a0","rel":"","context":"Similar post","img":{"alt_text":"Diana Eichhorn ist unter die Dalmatiner gegangen","src":"https:\/\/i0.wp.com\/www.dalmatiner-sachsen-anhalt.de\/blog\/wp-content\/uploads\/2013\/09\/VOX.jpg?resize=350%2C200","width":350,"height":200},"classes":[]},{"id":999,"url":"https:\/\/www.dalmatiner-sachsen-anhalt.de\/blog\/impressum\/stehbilder\/","url_meta":{"origin":962,"position":4},"title":"Stehbilder","date":"27. Juli 2009","format":false,"excerpt":"Hier ver\u00f6ffentlichen wir die Stehbilder der Welpen, aufgenommen am 26.07.2009. Da sind sie gerade 48 Tage alt. AARON - verkauft R\u00fcde, w\/b beidseitig h\u00f6rend Wurftag 08.06.2009 Gewicht: 5500 g AMIGO - verkauft R\u00fcde, w\/s beidseitig h\u00f6rend Wurftag 08.06.2009 Gewicht: 5700 g ARES - verkauft R\u00fcde, w\/b beidseitig h\u00f6rend Wurftag 08.06.2009\u2026","rel":"","context":"In &quot;A-Wurf&quot;","img":{"alt_text":"","src":"https:\/\/i0.wp.com\/www.dalmatiner-sachsen-anhalt.de\/blog\/wp-content\/uploads\/2009\/07\/aaron-tag48_1881-300x200.jpg?resize=350%2C200","width":350,"height":200},"classes":[]},{"id":5854,"url":"https:\/\/www.dalmatiner-sachsen-anhalt.de\/blog\/impressum\/welpentreffen-vds\/","url_meta":{"origin":962,"position":5},"title":"Welpentreffen vdS","date":"12. Oktober 2013","format":false,"excerpt":"Dierhagen 2013","rel":"","context":"Similar post","img":{"alt_text":"","src":"https:\/\/i0.wp.com\/www.dalmatiner-sachsen-anhalt.de\/blog\/wp-content\/uploads\/2013\/10\/Colage-Welpentreffen-2013-11.10.2013-10-43-54.jpg?fit=1200%2C675&ssl=1&resize=350%2C200","width":350,"height":200},"classes":[]}],"_links":{"self":[{"href":"https:\/\/www.dalmatiner-sachsen-anhalt.de\/blog\/wp-json\/wp\/v2\/pages\/962"}],"collection":[{"href":"https:\/\/www.dalmatiner-sachsen-anhalt.de\/blog\/wp-json\/wp\/v2\/pages"}],"about":[{"href":"https:\/\/www.dalmatiner-sachsen-anhalt.de\/blog\/wp-json\/wp\/v2\/types\/page"}],"author":[{"embeddable":true,"href":"https:\/\/www.dalmatiner-sachsen-anhalt.de\/blog\/wp-json\/wp\/v2\/users\/1"}],"replies":[{"embeddable":true,"href":"https:\/\/www.dalmatiner-sachsen-anhalt.de\/blog\/wp-json\/wp\/v2\/comments?post=962"}],"version-history":[{"count":39,"href":"https:\/\/www.dalmatiner-sachsen-anhalt.de\/blog\/wp-json\/wp\/v2\/pages\/962\/revisions"}],"predecessor-version":[{"id":5834,"href":"https:\/\/www.dalmatiner-sachsen-anhalt.de\/blog\/wp-json\/wp\/v2\/pages\/962\/revisions\/5834"}],"up":[{"embeddable":true,"href":"https:\/\/www.dalmatiner-sachsen-anhalt.de\/blog\/wp-json\/wp\/v2\/pages\/5820"}],"wp:attachment":[{"href":"https:\/\/www.dalmatiner-sachsen-anhalt.de\/blog\/wp-json\/wp\/v2\/media?parent=962"}],"curies":[{"name":"wp","href":"https:\/\/api.w.org\/{rel}","templated":true}]}}